{"id":81,"date":"2016-02-07T21:30:08","date_gmt":"2016-02-07T21:30:08","guid":{"rendered":"http:\/\/altaremera.com.ar\/sitio\/?post_type=product&#038;p=81"},"modified":"2026-04-06T16:05:05","modified_gmt":"2026-04-06T16:05:05","slug":"escote-en-v","status":"publish","type":"product","link":"https:\/\/altaremera.com.ar\/sitio\/producto\/escote-en-v\/","title":{"rendered":"Escote en V"},"content":{"rendered":"<div class=\"Y3BBE\" data-sfc-cp=\"\" data-hveid=\"CAEQAA\" data-processed=\"true\">Una remera con escote en V se caracteriza por su\u00a0<mark class=\"HxTRcb\">forma de cuello que desciende en l\u00ednea recta, estilizando el torso y atrayendo la atenci\u00f3n al rostro<\/mark>. Suelen ser vers\u00e1tiles, disponibles en algod\u00f3n, y se adaptan a estilos casuales o m\u00e1s formales dependiendo de su corte y tejido.<span class=\"uJ19be notranslate\" data-wiz-uids=\"u62uhf_c,u62uhf_d,u62uhf_e\"><span class=\"vKEkVd\" data-animation-atomic=\"\">\u00a0<button class=\"rBl3me\" tabindex=\"0\" data-amic=\"true\" data-icl-uuid=\"b679f374-6cc3-4dfe-b2f5-943e01a90732\" aria-label=\"Ver enlaces relacionados\" data-wiz-attrbind=\"disabled=u62uhf_c_C5gNJc;class=u62uhf_c_UpSNec;\" data-ved=\"2ahUKEwjyjoeboJWRAxVrrJUCHWTdOcUQye0OegQIARAC\"><\/button><\/span><\/span><\/div>\n<div class=\"Fsg96\" data-sfc-cp=\"\" data-processed=\"true\"><\/div>\n<div class=\"otQkpb\" role=\"heading\" aria-level=\"3\" data-animation-nesting=\"\" data-sfc-cp=\"\" data-processed=\"true\">Caracter\u00edsticas principales<button class=\"rBl3me\" tabindex=\"0\" data-amic=\"true\" data-icl-uuid=\"4081f699-f07d-400f-9bde-2d6d6a377d5e\" aria-label=\"Ver enlaces relacionados\" data-wiz-attrbind=\"disabled=u62uhf_m_C5gNJc;class=u62uhf_m_UpSNec;\" data-ved=\"2ahUKEwjyjoeboJWRAxVrrJUCHWTdOcUQye0OegQIAhAA\" data-processed=\"true\"><\/button><\/div>\n<ul class=\"KsbFXc U6u95\" data-processed=\"true\">\n<li data-hveid=\"CAMQAA\" data-processed=\"true\"><span class=\"T286Pc\" data-sfc-cp=\"\" data-processed=\"true\"><strong class=\"Yjhzub\" data-processed=\"true\">Dise\u00f1o del cuello:<\/strong> El escote forma una \u00abV\u00bb<\/span><\/li>\n<li data-hveid=\"CAMQAQ\" data-processed=\"true\"><span class=\"T286Pc\" data-sfc-cp=\"\" data-processed=\"true\"><strong class=\"Yjhzub\" data-processed=\"true\">Efecto visual:<\/strong>\u00a0Alarga el torso y estiliza la figura.<\/span><\/li>\n<li data-hveid=\"CAMQAg\" data-processed=\"true\"><span class=\"T286Pc\" data-sfc-cp=\"\" data-processed=\"true\"><strong class=\"Yjhzub\" data-processed=\"true\">Versatilidad:<\/strong>\u00a0Es una prenda b\u00e1sica que se puede combinar para crear looks casuales (con jeans o shorts), urbanos (debajo de blazers) o incluso m\u00e1s elegantes (con faldas o pantalones sastre).<\/span><\/li>\n<li data-hveid=\"CAMQAw\" data-processed=\"true\"><span class=\"T286Pc\" data-sfc-cp=\"\" data-processed=\"true\"><strong class=\"Yjhzub\" data-processed=\"true\">Adaptabilidad:<\/strong>\u00a0Resalta la figura de manera favorecedora y es una buena opci\u00f3n para equilibrar la proporci\u00f3n entre la parte superior e inferior del cuerpo.<\/span><span class=\"uJ19be notranslate\" data-wiz-uids=\"u62uhf_12,u62uhf_13,u62uhf_14\" data-processed=\"true\"><span class=\"vKEkVd\" data-animation-atomic=\"\" data-processed=\"true\">\u00a0<button class=\"rBl3me\" tabindex=\"0\" data-amic=\"true\" data-icl-uuid=\"36a8a013-f086-43a0-b28d-c0e95e8a229a\" aria-label=\"Ver enlaces relacionados\" data-wiz-attrbind=\"disabled=u62uhf_12_C5gNJc;class=u62uhf_12_UpSNec;\" data-ved=\"2ahUKEwjyjoeboJWRAxVrrJUCHWTdOcUQye0OegQIAxAE\" data-processed=\"true\"><\/button><\/span><\/span><\/li>\n<\/ul>\n<div class=\"Fsg96\" data-sfc-cp=\"\" data-processed=\"true\"><\/div>\n<div class=\"otQkpb\" role=\"heading\" aria-level=\"3\" data-animation-nesting=\"\" data-sfc-cp=\"\" data-processed=\"true\">Variedad de estilos<button class=\"rBl3me\" tabindex=\"0\" data-amic=\"true\" data-icl-uuid=\"7f617123-29d5-4e3f-a3fe-4abaf9e59256\" aria-label=\"Ver enlaces relacionados\" data-wiz-attrbind=\"disabled=u62uhf_1a_C5gNJc;class=u62uhf_1a_UpSNec;\" data-ved=\"2ahUKEwjyjoeboJWRAxVrrJUCHWTdOcUQye0OegQIBBAA\" data-processed=\"true\"><\/button><\/div>\n<ul class=\"KsbFXc U6u95\" data-processed=\"true\">\n<li data-hveid=\"CAUQAA\" data-processed=\"true\"><span class=\"T286Pc\" data-sfc-cp=\"\" data-processed=\"true\"><strong class=\"Yjhzub\" data-processed=\"true\">Materiales:<\/strong> Existen en diferentes tejidos, como algod\u00f3n peinado y algod\u00f3n cardado.<\/span><\/li>\n<li data-hveid=\"CAUQAQ\" data-processed=\"true\"><span class=\"T286Pc\" data-sfc-cp=\"\" data-processed=\"true\"><strong class=\"Yjhzub\" data-processed=\"true\">Cortes:<\/strong>\u00a0Pueden ser m\u00e1s ajustadas (slim fit) o sueltas, dependiendo del estilo deseado.<\/span><\/li>\n<\/ul>\n<div class=\"Fsg96\" data-sfc-cp=\"\" data-processed=\"true\"><\/div>\n<div class=\"otQkpb\" role=\"heading\" aria-level=\"3\" data-animation-nesting=\"\" data-sfc-cp=\"\" data-processed=\"true\">Beneficios y recomendaciones<button class=\"rBl3me\" tabindex=\"0\" data-amic=\"true\" data-icl-uuid=\"ed3ed177-43f2-47d1-8f31-fb9bfae61a1d\" aria-label=\"Ver enlaces relacionados\" data-wiz-attrbind=\"disabled=u62uhf_1z_C5gNJc;class=u62uhf_1z_UpSNec;\" data-ved=\"2ahUKEwjyjoeboJWRAxVrrJUCHWTdOcUQye0OegQIBhAA\" data-processed=\"true\"><\/button><\/div>\n<ul class=\"KsbFXc U6u95\" data-processed=\"true\">\n<li data-hveid=\"CAgQAA\" data-processed=\"true\"><span class=\"T286Pc\" data-sfc-cp=\"\" data-processed=\"true\"><strong class=\"Yjhzub\" data-processed=\"true\">Ideal para:<\/strong>\u00a0Es una buena elecci\u00f3n para personas con rostros redondos o rectangulares, ya que ayuda a estilizar las facciones.<\/span><\/li>\n<li data-hveid=\"CAgQAQ\" data-processed=\"true\"><span class=\"T286Pc\" data-sfc-cp=\"\" data-processed=\"true\"><strong class=\"Yjhzub\" data-processed=\"true\">Para el gimnasio:<\/strong>\u00a0En tela microfibra, ofrece transpirabilidad y secado r\u00e1pido para un m\u00e1ximo confort durante el ejercicio.<\/span><span class=\"uJ19be notranslate\" data-wiz-uids=\"u62uhf_31,u62uhf_32,u62uhf_33\" data-processed=\"true\"><span class=\"vKEkVd\" data-animation-atomic=\"\" data-processed=\"true\">\u00a0<\/span><\/span><\/li>\n<\/ul>\n","protected":false},"excerpt":{"rendered":"<p>Varios colores,\u00a0 Algodon 100%, cuello en rib.<\/p>\n","protected":false},"featured_media":3677,"comment_status":"open","ping_status":"closed","template":"","meta":{"rs_blank_template":"","rs_page_bg_color":"","slide_template_v7":"","inline_featured_image":false},"product_brand":[],"product_cat":[8],"product_tag":[30,28],"class_list":{"0":"post-81","1":"product","2":"type-product","3":"status-publish","4":"has-post-thumbnail","6":"product_cat-hombre","7":"product_tag-cuello-en-v","8":"product_tag-escote-v","9":"product_shipping_class-sucursal","10":"wcmi-has-gallery","12":"first","13":"instock","14":"featured","15":"shipping-taxable","16":"purchasable","17":"product-type-simple"},"_links":{"self":[{"href":"https:\/\/altaremera.com.ar\/sitio\/wp-json\/wp\/v2\/product\/81","targetHints":{"allow":["GET"]}}],"collection":[{"href":"https:\/\/altaremera.com.ar\/sitio\/wp-json\/wp\/v2\/product"}],"about":[{"href":"https:\/\/altaremera.com.ar\/sitio\/wp-json\/wp\/v2\/types\/product"}],"replies":[{"embeddable":true,"href":"https:\/\/altaremera.com.ar\/sitio\/wp-json\/wp\/v2\/comments?post=81"}],"version-history":[{"count":5,"href":"https:\/\/altaremera.com.ar\/sitio\/wp-json\/wp\/v2\/product\/81\/revisions"}],"predecessor-version":[{"id":3770,"href":"https:\/\/altaremera.com.ar\/sitio\/wp-json\/wp\/v2\/product\/81\/revisions\/3770"}],"wp:featuredmedia":[{"embeddable":true,"href":"https:\/\/altaremera.com.ar\/sitio\/wp-json\/wp\/v2\/media\/3677"}],"wp:attachment":[{"href":"https:\/\/altaremera.com.ar\/sitio\/wp-json\/wp\/v2\/media?parent=81"}],"wp:term":[{"taxonomy":"product_brand","embeddable":true,"href":"https:\/\/altaremera.com.ar\/sitio\/wp-json\/wp\/v2\/product_brand?post=81"},{"taxonomy":"product_cat","embeddable":true,"href":"https:\/\/altaremera.com.ar\/sitio\/wp-json\/wp\/v2\/product_cat?post=81"},{"taxonomy":"product_tag","embeddable":true,"href":"https:\/\/altaremera.com.ar\/sitio\/wp-json\/wp\/v2\/product_tag?post=81"}],"curies":[{"name":"wp","href":"https:\/\/api.w.org\/{rel}","templated":true}]}}