{"id":77,"date":"2016-02-07T17:17:01","date_gmt":"2016-02-07T17:17:01","guid":{"rendered":"http:\/\/altaremera.com.ar\/sitio\/?post_type=product&#038;p=77"},"modified":"2026-01-07T14:18:44","modified_gmt":"2026-01-07T14:18:44","slug":"77","status":"publish","type":"product","link":"https:\/\/altaremera.com.ar\/sitio\/producto\/77\/","title":{"rendered":"Buzo campera"},"content":{"rendered":"<div class=\"otQkpb\" role=\"heading\" aria-level=\"3\" data-animation-nesting=\"\" data-sfc-cp=\"\" data-processed=\"true\">Caracter\u00edsticas principales<button class=\"rBl3me\" tabindex=\"0\" data-amic=\"true\" data-icl-uuid=\"b1929f3b-bcf9-40a8-8fc1-5531dec60c27\" aria-label=\"Ver enlaces relacionados\" data-wiz-attrbind=\"disabled=ozv6me_1d_C5gNJc;class=ozv6me_1d_UpSNec;\" data-ved=\"2ahUKEwiql9DHn5WRAxWMlJUCHU9YLI8Qye0OegQIAxAA\" data-processed=\"true\"><\/button><\/div>\n<ul class=\"KsbFXc U6u95\" data-processed=\"true\">\n<li data-hveid=\"CAQQAA\" data-processed=\"true\"><span class=\"T286Pc\" data-sfc-cp=\"\" data-processed=\"true\"><strong class=\"Yjhzub\" data-processed=\"true\">Tejido:<\/strong>\u00a0Generalmente es de algod\u00f3n o una mezcla de algod\u00f3n y poli\u00e9ster. La frisa es la que le da la caracter\u00edstica de ser suave y con pelo en el interior, haci\u00e9ndola abrigadora.<\/span><\/li>\n<li data-hveid=\"CAQQAQ\" data-processed=\"true\"><span class=\"T286Pc\" data-sfc-cp=\"\" data-processed=\"true\"><strong class=\"Yjhzub\" data-processed=\"true\">Capucha:<\/strong>\u00a0Incorpora una capucha que puede tener cordones para ajustar.<\/span><\/li>\n<li data-hveid=\"CAQQAg\" data-processed=\"true\"><span class=\"T286Pc\" data-sfc-cp=\"\" data-processed=\"true\"><strong class=\"Yjhzub\" data-processed=\"true\">Bolsillos:<\/strong>\u00a0Suelen tener bolsillos frontales, com\u00fanmente en estilo canguro.<\/span><\/li>\n<li data-hveid=\"CAQQAw\" data-processed=\"true\"><span class=\"T286Pc\" data-sfc-cp=\"\" data-processed=\"true\"><strong class=\"Yjhzub\" data-processed=\"true\">Cierre:<\/strong>\u00a0Algunas tienen un cierre frontal completo, mientras que otras son de estilo canguro (pul\u00f3ver).<\/span><\/li>\n<li data-hveid=\"CAQQBA\" data-processed=\"true\"><span class=\"T286Pc\" data-sfc-cp=\"\" data-processed=\"true\"><strong class=\"Yjhzub\" data-processed=\"true\">Comodidad y abrigo:<\/strong>\u00a0Son una prenda c\u00f3moda y c\u00e1lida, pensada para el fr\u00edo y para actividades deportivas.<\/span><span class=\"uJ19be notranslate\" data-wiz-uids=\"ozv6me_1w,ozv6me_1x,ozv6me_1y\" data-processed=\"true\"><span class=\"vKEkVd\" data-animation-atomic=\"\" data-processed=\"true\">\u00a0<button class=\"rBl3me\" tabindex=\"0\" data-amic=\"true\" data-icl-uuid=\"e5a16f89-ab2e-4efd-bb14-fb22079163f5\" aria-label=\"Ver enlaces relacionados\" data-wiz-attrbind=\"disabled=ozv6me_1w_C5gNJc;class=ozv6me_1w_UpSNec;\" data-ved=\"2ahUKEwiql9DHn5WRAxWMlJUCHU9YLI8Qye0OegQIBBAF\" data-processed=\"true\"><\/button><\/span><\/span><\/li>\n<\/ul>\n<div class=\"Fsg96\" data-sfc-cp=\"\" data-processed=\"true\"><\/div>\n<div class=\"otQkpb\" role=\"heading\" aria-level=\"3\" data-animation-nesting=\"\" data-sfc-cp=\"\" data-processed=\"true\">Factores de calidad<button class=\"rBl3me\" tabindex=\"0\" data-amic=\"true\" data-icl-uuid=\"984e6233-ac9b-4f55-b7f1-2b8484554ad7\" aria-label=\"Ver enlaces relacionados\" data-wiz-attrbind=\"disabled=ozv6me_2c_C5gNJc;class=ozv6me_2c_UpSNec;\" data-ved=\"2ahUKEwiql9DHn5WRAxWMlJUCHU9YLI8Qye0OegQIBRAA\" data-processed=\"true\"><\/button><\/div>\n<ul class=\"KsbFXc U6u95\" data-processed=\"true\">\n<li data-hveid=\"CAYQAA\" data-processed=\"true\"><span class=\"T286Pc\" data-sfc-cp=\"\" data-processed=\"true\"><strong class=\"Yjhzub\" data-processed=\"true\">Tipo de frisa:<\/strong>\u00a0La frisa peinada es de mejor calidad que la cardada, ya que es m\u00e1s suave, no se deforma ni encoge f\u00e1cilmente, y mantiene su color.<\/span><\/li>\n<li data-hveid=\"CAYQAQ\" data-processed=\"true\"><span class=\"T286Pc\" data-sfc-cp=\"\" data-processed=\"true\"><strong class=\"Yjhzub\" data-processed=\"true\">Acabados:<\/strong>\u00a0Una buena confecci\u00f3n puede incluir tapacosturas, pespuntes reforzados y ribetes en pu\u00f1os y cintura.<\/span><\/li>\n<li data-hveid=\"CAYQAg\" data-processed=\"true\"><span class=\"T286Pc\" data-sfc-cp=\"\" data-processed=\"true\"><strong class=\"Yjhzub\" data-processed=\"true\">Confecci\u00f3n de la capucha:<\/strong>\u00a0Una capucha bien hecha no deja el interior afelpado a la vista y puede estar forrada, lo que le da m\u00e1s estructura.<\/span><span class=\"uJ19be notranslate\" data-wiz-uids=\"ozv6me_2p,ozv6me_2q,ozv6me_2r\" data-processed=\"true\"><span class=\"vKEkVd\" data-animation-atomic=\"\" data-processed=\"true\">\u00a0<\/span><\/span><\/li>\n<\/ul>\n","protected":false},"excerpt":{"rendered":"<p>Varios colores, con bolsillos canguro, cierre y capucha forrada, mangas con pu\u00f1os en rib.<\/p>\n<p>Algod\u00f3n frizado, que se caracteriza por ser <mark class=\"HxTRcb\">suave y c\u00e1lida por dentro gracias a la frisa, una tela afelpada<\/mark>. Sus caracter\u00edsticas principales incluyen una capucha\u00a0 con cord\u00f3n, bolsillos tipo canguro, cierre frontal y mangas largas. Son ideales para el invierno y para actividades deportivas.<\/p>\n","protected":false},"featured_media":3678,"comment_status":"open","ping_status":"closed","template":"","meta":{"rs_blank_template":"","rs_page_bg_color":"","slide_template_v7":"","inline_featured_image":false},"product_brand":[],"product_cat":[20,8,24],"product_tag":[26,25,27],"class_list":{"0":"post-77","1":"product","2":"type-product","3":"status-publish","4":"has-post-thumbnail","6":"product_cat-dama","7":"product_cat-hombre","8":"product_cat-unisex","9":"product_tag-buzo","10":"product_tag-buzo-frizado","11":"product_tag-campera","12":"product_shipping_class-sucursal","13":"wcmi-has-gallery","15":"first","16":"instock","17":"featured","18":"shipping-taxable","19":"purchasable","20":"product-type-simple"},"_links":{"self":[{"href":"https:\/\/altaremera.com.ar\/sitio\/wp-json\/wp\/v2\/product\/77","targetHints":{"allow":["GET"]}}],"collection":[{"href":"https:\/\/altaremera.com.ar\/sitio\/wp-json\/wp\/v2\/product"}],"about":[{"href":"https:\/\/altaremera.com.ar\/sitio\/wp-json\/wp\/v2\/types\/product"}],"replies":[{"embeddable":true,"href":"https:\/\/altaremera.com.ar\/sitio\/wp-json\/wp\/v2\/comments?post=77"}],"version-history":[{"count":4,"href":"https:\/\/altaremera.com.ar\/sitio\/wp-json\/wp\/v2\/product\/77\/revisions"}],"predecessor-version":[{"id":3769,"href":"https:\/\/altaremera.com.ar\/sitio\/wp-json\/wp\/v2\/product\/77\/revisions\/3769"}],"wp:featuredmedia":[{"embeddable":true,"href":"https:\/\/altaremera.com.ar\/sitio\/wp-json\/wp\/v2\/media\/3678"}],"wp:attachment":[{"href":"https:\/\/altaremera.com.ar\/sitio\/wp-json\/wp\/v2\/media?parent=77"}],"wp:term":[{"taxonomy":"product_brand","embeddable":true,"href":"https:\/\/altaremera.com.ar\/sitio\/wp-json\/wp\/v2\/product_brand?post=77"},{"taxonomy":"product_cat","embeddable":true,"href":"https:\/\/altaremera.com.ar\/sitio\/wp-json\/wp\/v2\/product_cat?post=77"},{"taxonomy":"product_tag","embeddable":true,"href":"https:\/\/altaremera.com.ar\/sitio\/wp-json\/wp\/v2\/product_tag?post=77"}],"curies":[{"name":"wp","href":"https:\/\/api.w.org\/{rel}","templated":true}]}}