{"id":73,"date":"2016-02-07T15:22:48","date_gmt":"2016-02-07T15:22:48","guid":{"rendered":"http:\/\/altaremera.com.ar\/sitio\/?post_type=product&#038;p=73"},"modified":"2026-01-07T14:18:44","modified_gmt":"2026-01-07T14:18:44","slug":"buzo-frizado","status":"publish","type":"product","link":"https:\/\/altaremera.com.ar\/sitio\/producto\/buzo-frizado\/","title":{"rendered":"Buzo frizado"},"content":{"rendered":"<div class=\"Y3BBE\" data-sfc-cp=\"\" data-hveid=\"CAEQAA\" data-processed=\"true\">Es ideal para el invierno, est\u00e1 confeccionado generalmente con una mezcla de algod\u00f3n y poli\u00e9ster, y es vers\u00e1til para prendas urbanas y deportivas como buzos, camperas y joggings.<span class=\"uJ19be notranslate\" data-wiz-uids=\"H41O0e_c,H41O0e_d,H41O0e_e\" data-processed=\"true\"><span class=\"vKEkVd\" data-animation-atomic=\"\" data-processed=\"true\">\u00a0<button class=\"rBl3me\" tabindex=\"0\" data-amic=\"true\" data-icl-uuid=\"2a2022c6-593b-4f29-a07e-35ffe4501506\" aria-label=\"Ver enlaces relacionados\" data-wiz-attrbind=\"disabled=H41O0e_c_C5gNJc;class=H41O0e_c_UpSNec;\" data-ved=\"2ahUKEwiMx4u2npWRAxWuq5UCHQvOLlwQye0OegQIARAC\" data-processed=\"true\"><\/button><\/span><\/span><\/div>\n<div class=\"Fsg96\" data-sfc-cp=\"\" data-processed=\"true\"><\/div>\n<div class=\"otQkpb\" role=\"heading\" aria-level=\"3\" data-animation-nesting=\"\" data-sfc-cp=\"\" data-processed=\"true\">Caracter\u00edsticas principales<button class=\"rBl3me\" tabindex=\"0\" data-amic=\"true\" data-icl-uuid=\"dc5ee1fd-941a-4d2c-8322-4fbe717403eb\" aria-label=\"Ver enlaces relacionados\" data-wiz-attrbind=\"disabled=H41O0e_l_C5gNJc;class=H41O0e_l_UpSNec;\" data-ved=\"2ahUKEwiMx4u2npWRAxWuq5UCHQvOLlwQye0OegQIAhAA\" data-processed=\"true\"><\/button><\/div>\n<ul class=\"KsbFXc U6u95\" data-processed=\"true\">\n<li data-hveid=\"CAQQAA\" data-processed=\"true\"><span class=\"T286Pc\" data-sfc-cp=\"\" data-processed=\"true\"><strong class=\"Yjhzub\" data-processed=\"true\">Composici\u00f3n:<\/strong>\u00a0Generalmente es una mezcla de algod\u00f3n y poli\u00e9ster, aunque existen versiones 100% algod\u00f3n peinado.<\/span><\/li>\n<li data-hveid=\"CAQQAQ\" data-processed=\"true\"><span class=\"T286Pc\" data-sfc-cp=\"\" data-processed=\"true\"><strong class=\"Yjhzub\" data-processed=\"true\">Acabado:<\/strong>\u00a0Tiene un exterior liso, como un jersey, y un interior suave con felpa (frisa) que aporta gran calidez.<\/span><\/li>\n<li data-hveid=\"CAQQAg\" data-processed=\"true\"><span class=\"T286Pc\" data-sfc-cp=\"\" data-processed=\"true\"><strong class=\"Yjhzub\" data-processed=\"true\">Tactilidad:<\/strong>\u00a0Es muy suave y agradable al tacto, tanto por fuera como por dentro.<\/span><\/li>\n<li data-hveid=\"CAQQAw\" data-processed=\"true\"><span class=\"T286Pc\" data-sfc-cp=\"\" data-processed=\"true\"><strong class=\"Yjhzub\" data-processed=\"true\">T\u00e9rmica:<\/strong>\u00a0Es una tela ideal para el fr\u00edo, ya que mantiene el calor corporal de manera eficiente.<\/span><\/li>\n<li data-hveid=\"CAQQBA\" data-processed=\"true\"><span class=\"T286Pc\" data-sfc-cp=\"\" data-processed=\"true\"><strong class=\"Yjhzub\" data-processed=\"true\">Uso:<\/strong>\u00a0Es una tela muy utilizada en la temporada de oto\u00f1o e invierno para la confecci\u00f3n de ropa urbana y deportiva, como buzos, camperas, sudaderas y pantalones de jogging.<\/span><\/li>\n<li data-hveid=\"CAQQBQ\" data-processed=\"true\"><span class=\"T286Pc\" data-sfc-cp=\"\" data-processed=\"true\"><strong class=\"Yjhzub\" data-processed=\"true\">Durabilidad:<\/strong>\u00a0Suele ser resistente y duradera, manteniendo la suavidad con el uso y los lavados.<\/span><\/li>\n<li data-hveid=\"CAQQBg\" data-processed=\"true\"><span class=\"T286Pc\" data-sfc-cp=\"\" data-processed=\"true\"><strong class=\"Yjhzub\" data-processed=\"true\">Transpirabilidad:<\/strong>\u00a0La composici\u00f3n con algod\u00f3n permite una buena transpiraci\u00f3n.<\/span><span class=\"uJ19be notranslate\" data-wiz-uids=\"H41O0e_3c,H41O0e_3d,H41O0e_3e\" data-processed=\"true\"><span class=\"vKEkVd\" data-animation-atomic=\"\" data-processed=\"true\">\u00a0<\/span><\/span><\/li>\n<\/ul>\n","protected":false},"excerpt":{"rendered":"<p>Varios colores, cuello redondo, friza inviseble, cuello, cintura y mangas en rib, <mark class=\"HxTRcb\" data-processed=\"true\">tejido de punto suave y abrigado, con un exterior liso tipo jersey y una cara interior con felpa<\/mark>, lo que lo hace muy c\u00f3modo.<\/p>\n","protected":false},"featured_media":3680,"comment_status":"open","ping_status":"closed","template":"","meta":{"rs_blank_template":"","rs_page_bg_color":"","slide_template_v7":"","inline_featured_image":false},"product_brand":[],"product_cat":[20,8,24],"product_tag":[25],"class_list":{"0":"post-73","1":"product","2":"type-product","3":"status-publish","4":"has-post-thumbnail","6":"product_cat-dama","7":"product_cat-hombre","8":"product_cat-unisex","9":"product_tag-buzo-frizado","10":"product_shipping_class-sucursal","11":"wcmi-has-gallery","13":"first","14":"instock","15":"featured","16":"shipping-taxable","17":"purchasable","18":"product-type-simple"},"_links":{"self":[{"href":"https:\/\/altaremera.com.ar\/sitio\/wp-json\/wp\/v2\/product\/73","targetHints":{"allow":["GET"]}}],"collection":[{"href":"https:\/\/altaremera.com.ar\/sitio\/wp-json\/wp\/v2\/product"}],"about":[{"href":"https:\/\/altaremera.com.ar\/sitio\/wp-json\/wp\/v2\/types\/product"}],"replies":[{"embeddable":true,"href":"https:\/\/altaremera.com.ar\/sitio\/wp-json\/wp\/v2\/comments?post=73"}],"version-history":[{"count":5,"href":"https:\/\/altaremera.com.ar\/sitio\/wp-json\/wp\/v2\/product\/73\/revisions"}],"predecessor-version":[{"id":3768,"href":"https:\/\/altaremera.com.ar\/sitio\/wp-json\/wp\/v2\/product\/73\/revisions\/3768"}],"wp:featuredmedia":[{"embeddable":true,"href":"https:\/\/altaremera.com.ar\/sitio\/wp-json\/wp\/v2\/media\/3680"}],"wp:attachment":[{"href":"https:\/\/altaremera.com.ar\/sitio\/wp-json\/wp\/v2\/media?parent=73"}],"wp:term":[{"taxonomy":"product_brand","embeddable":true,"href":"https:\/\/altaremera.com.ar\/sitio\/wp-json\/wp\/v2\/product_brand?post=73"},{"taxonomy":"product_cat","embeddable":true,"href":"https:\/\/altaremera.com.ar\/sitio\/wp-json\/wp\/v2\/product_cat?post=73"},{"taxonomy":"product_tag","embeddable":true,"href":"https:\/\/altaremera.com.ar\/sitio\/wp-json\/wp\/v2\/product_tag?post=73"}],"curies":[{"name":"wp","href":"https:\/\/api.w.org\/{rel}","templated":true}]}}