{"id":51,"date":"2025-01-03T22:39:30","date_gmt":"2025-01-03T22:39:30","guid":{"rendered":"http:\/\/altaremera.com.ar\/sitio\/?post_type=product&#038;p=51"},"modified":"2026-03-09T18:30:40","modified_gmt":"2026-03-09T18:30:40","slug":"remera-mujer-clasica","status":"publish","type":"product","link":"https:\/\/altaremera.com.ar\/sitio\/producto\/remera-mujer-clasica\/","title":{"rendered":"Mujer cl\u00e1sica"},"content":{"rendered":"<p>Remera de mujer cuello redondo, manga corta, en algod\u00f3n 24 a 1 peinado o en modal (mezcla de algodon y poliester) Apata para dise\u00f1arla vos misma en nuestro dise\u00f1ador online.<\/p>\n","protected":false},"excerpt":{"rendered":"<p>Varios colores. Cuello redondo, manga corta, varios colores, en algod\u00f3n o en modal (mezcla de algodon y poliester)<\/p>\n","protected":false},"featured_media":3643,"comment_status":"open","ping_status":"closed","template":"","meta":{"rs_blank_template":"","rs_page_bg_color":"","slide_template_v7":"","inline_featured_image":false},"product_brand":[],"product_cat":[20],"product_tag":[18,19],"class_list":{"0":"post-51","1":"product","2":"type-product","3":"status-publish","4":"has-post-thumbnail","6":"product_cat-dama","7":"product_tag-dama","8":"product_tag-mujer","9":"product_shipping_class-sucursal","10":"wcmi-has-gallery","12":"first","13":"instock","14":"featured","15":"shipping-taxable","16":"purchasable","17":"product-type-simple"},"_links":{"self":[{"href":"https:\/\/altaremera.com.ar\/sitio\/wp-json\/wp\/v2\/product\/51","targetHints":{"allow":["GET"]}}],"collection":[{"href":"https:\/\/altaremera.com.ar\/sitio\/wp-json\/wp\/v2\/product"}],"about":[{"href":"https:\/\/altaremera.com.ar\/sitio\/wp-json\/wp\/v2\/types\/product"}],"replies":[{"embeddable":true,"href":"https:\/\/altaremera.com.ar\/sitio\/wp-json\/wp\/v2\/comments?post=51"}],"version-history":[{"count":4,"href":"https:\/\/altaremera.com.ar\/sitio\/wp-json\/wp\/v2\/product\/51\/revisions"}],"predecessor-version":[{"id":3108,"href":"https:\/\/altaremera.com.ar\/sitio\/wp-json\/wp\/v2\/product\/51\/revisions\/3108"}],"wp:featuredmedia":[{"embeddable":true,"href":"https:\/\/altaremera.com.ar\/sitio\/wp-json\/wp\/v2\/media\/3643"}],"wp:attachment":[{"href":"https:\/\/altaremera.com.ar\/sitio\/wp-json\/wp\/v2\/media?parent=51"}],"wp:term":[{"taxonomy":"product_brand","embeddable":true,"href":"https:\/\/altaremera.com.ar\/sitio\/wp-json\/wp\/v2\/product_brand?post=51"},{"taxonomy":"product_cat","embeddable":true,"href":"https:\/\/altaremera.com.ar\/sitio\/wp-json\/wp\/v2\/product_cat?post=51"},{"taxonomy":"product_tag","embeddable":true,"href":"https:\/\/altaremera.com.ar\/sitio\/wp-json\/wp\/v2\/product_tag?post=51"}],"curies":[{"name":"wp","href":"https:\/\/api.w.org\/{rel}","templated":true}]}}