{"id":1467,"date":"2020-06-21T15:12:40","date_gmt":"2020-06-21T15:12:40","guid":{"rendered":"https:\/\/altaremera.com.ar\/sitio\/?post_type=product&#038;p=1467"},"modified":"2026-01-07T14:18:44","modified_gmt":"2026-01-07T14:18:44","slug":"body-bebe","status":"publish","type":"product","link":"https:\/\/altaremera.com.ar\/sitio\/producto\/body-bebe\/","title":{"rendered":"Body bebe"},"content":{"rendered":"<p>Este Body Beb\u00e9 es de <strong>una pieza,<\/strong> y tiene<strong> botones a presi\u00f3n<\/strong> en zona de pa\u00f1al para mayor comodidad.<\/p>\n<p>Tejido de calidad 100% algod\u00f3n peinado. Art\u00edculo disponible en diferentes <strong>colores y tallas<\/strong>.<\/p>\n<p class=\"Standard\">Un <strong>Body de<\/strong>\u00a0<strong>Beb\u00e9 personalizado<\/strong>, es un regalo diferente y original, para un<strong> reci\u00e9n nacido.<\/strong><\/p>\n<p class=\"Standard\">Puedes crear tu mismo una prenda muy original <strong>con una frase o una imagen divertida<\/strong>.<\/p>\n<p class=\"Standard\">Se han convertido en una de las prendas b\u00e1sicas y principales para beb\u00e9s en cualquier casa que haya un reci\u00e9n nacido.<\/p>\n<p class=\"Standard\">Pon a prueba tu imaginaci\u00f3n, y atr\u00e9vete a dise\u00f1ar este<strong> Body Beb\u00e9<\/strong> para el rey de la casa.<\/p>\n","protected":false},"excerpt":{"rendered":"<p>De <strong>una pieza,<\/strong> y tiene<strong> botones a presi\u00f3n<\/strong> en zona de pa\u00f1al para mayor comodidad.<\/p>\n","protected":false},"featured_media":3671,"comment_status":"open","ping_status":"closed","template":"","meta":{"inline_featured_image":false},"product_brand":[],"product_cat":[104],"product_tag":[],"class_list":{"0":"post-1467","1":"product","2":"type-product","3":"status-publish","4":"has-post-thumbnail","6":"product_cat-bebe","7":"product_shipping_class-sucursal","8":"wcmi-has-gallery","10":"first","11":"instock","12":"featured","13":"shipping-taxable","14":"purchasable","15":"product-type-simple"},"_links":{"self":[{"href":"https:\/\/altaremera.com.ar\/sitio\/wp-json\/wp\/v2\/product\/1467","targetHints":{"allow":["GET"]}}],"collection":[{"href":"https:\/\/altaremera.com.ar\/sitio\/wp-json\/wp\/v2\/product"}],"about":[{"href":"https:\/\/altaremera.com.ar\/sitio\/wp-json\/wp\/v2\/types\/product"}],"replies":[{"embeddable":true,"href":"https:\/\/altaremera.com.ar\/sitio\/wp-json\/wp\/v2\/comments?post=1467"}],"version-history":[{"count":3,"href":"https:\/\/altaremera.com.ar\/sitio\/wp-json\/wp\/v2\/product\/1467\/revisions"}],"predecessor-version":[{"id":1468,"href":"https:\/\/altaremera.com.ar\/sitio\/wp-json\/wp\/v2\/product\/1467\/revisions\/1468"}],"wp:featuredmedia":[{"embeddable":true,"href":"https:\/\/altaremera.com.ar\/sitio\/wp-json\/wp\/v2\/media\/3671"}],"wp:attachment":[{"href":"https:\/\/altaremera.com.ar\/sitio\/wp-json\/wp\/v2\/media?parent=1467"}],"wp:term":[{"taxonomy":"product_brand","embeddable":true,"href":"https:\/\/altaremera.com.ar\/sitio\/wp-json\/wp\/v2\/product_brand?post=1467"},{"taxonomy":"product_cat","embeddable":true,"href":"https:\/\/altaremera.com.ar\/sitio\/wp-json\/wp\/v2\/product_cat?post=1467"},{"taxonomy":"product_tag","embeddable":true,"href":"https:\/\/altaremera.com.ar\/sitio\/wp-json\/wp\/v2\/product_tag?post=1467"}],"curies":[{"name":"wp","href":"https:\/\/api.w.org\/{rel}","templated":true}]}}