{"id":647,"date":"2018-06-06T19:21:33","date_gmt":"2018-06-06T19:21:33","guid":{"rendered":"http:\/\/altaremera.com.ar\/sitio\/?page_id=647"},"modified":"2025-11-26T17:47:36","modified_gmt":"2025-11-26T17:47:36","slug":"dtf-impresion-en-film","status":"publish","type":"page","link":"https:\/\/altaremera.com.ar\/sitio\/dtf-impresion-en-film\/","title":{"rendered":"DTF impresion en Film"},"content":{"rendered":"<div id=\"cc-m-11026124077\" class=\"j-module n j-text \">\n<p><span class=\"ILfuVd\" lang=\"es\"><span class=\"hgKElc\"><b>DTF<\/b> viene de las siglas en ingl\u00e9s Direct Transfer to Film, o lo que es lo mismo, <b>impresi\u00f3n<\/b> directa sobre film para crear una especie de transfer digital que una vez impreso y curado puedes aplicar sobre camisetas de algod\u00f3n, poli\u00e9ster y mezcla de cualquier color ya que incorpora tinta blanca.<\/span><\/span><\/p>\n<\/div>\n<div id=\"cc-m-11033520777\" class=\"j-module n j-hr \">\n<hr><\/div>\n<div id=\"cc-m-11033520877\" class=\"j-module n j-header \">\n<h1 id=\"cc-m-header-11033520877\" class=\"\">Como funciona una impresora DTF<\/h1>\n<\/div>\n<p>Es una tecnolog\u00eda completamente nueva para el mercado de la impresi\u00f3n de camisetas \/ ropa que, en comparaci\u00f3n con otros procesos tradicionales como la serigraf\u00eda, puede proporcionar resultados y costos de producci\u00f3n m\u00e1s competitivos en la producci\u00f3n de lotes peque\u00f1os.<\/p>\n<p>Es una soluci\u00f3n que permite fabricar dise\u00f1os transfer que hasta ahora han proporcionado una calidad superior. Solo se transfiere el dise\u00f1o (pigmento), sin necesidad de transferir ning\u00fan vinilo u otros materiales, porque la elasticidad es mucho mayor, incluso durante el proceso de serigraf\u00eda de transferencia, no se romper\u00e1 y brindar\u00e1 m\u00e1xima durabilidad y excelente resistencia.<\/p>\n<p>Los personalizados con DTF ofrecen una&nbsp;<strong>excelente calidad<\/strong> con gran <strong>vivacidad de colores<\/strong> y un <strong>tacto muy agradable<\/strong>&nbsp;y<strong> gran flexibilidad<\/strong>, superior al vinilo textil y otras t\u00e9cnicas ya que solo transferimos la tinta a la prenda.<\/p>\n<p>Resisten&nbsp;m\u00e1s de <strong>50 lavados<\/strong> siguiendo las recomendaciones de adecuadas: lavar la prenda del rev\u00e9s para evitar alg\u00fan roce dentro de la lavadora,&nbsp; no utilizar blanqueantes porque da\u00f1an la ropa y lavarlas solo con aguan fr\u00eda, nunca a m\u00e1s de 30 grados<\/p>\n<p>El secreto de un buen estampado es la t\u00e9cnica del dise\u00f1o, aconsejamos los formatos vectorizados en Corel (.cdr) o en adobe ilustrator (.ai) convertidos a curvas, ambos formatos pueden ser exportados a .pdf (Acrobat) de esta forma nos aseguramos poder llevarlas a tama\u00f1o real sin riesgo a que se pixelen.<\/p>\n<blockquote>\n<p>Lamentablemente nustro dise\u00f1ador no permite la subida de estos archivos, por lo cual se tendran que enviar despu\u00e9s de realizar el pedido.<\/p>\n<\/blockquote>\n<p>En el caso de im\u00e1genes para lograr que no se pixelen (perdida de definici\u00f3n debido a que se agranda el punto de impresi\u00f3n.) lo ideal es que sean de buen tama\u00f1o (peso) ideal a 300 DPI, los formatos aceptados mas comunes son el JPG, PSD y el PNG, nosotros recomendamos el .png con fondo transparente a 32 bit. aunque el psd es de muy buena calidad.<\/p>\n<p>Por eso hay que tener en cuenta el tama\u00f1o y resolucion de las imagenes, mientras mas grandes sean y mas recolucion tengan, mejor saldra la impresion, ganando en contraste y nitidez.<\/p>\n\n\n<figure class=\"wp-block-gallery has-nested-images columns-default is-cropped wp-block-gallery-1 is-layout-flex wp-block-gallery-is-layout-flex\">\n<figure class=\"wp-block-image size-large\"><a href=\"https:\/\/altaremera.com.ar\/sitio\/wp-content\/uploads\/2022\/08\/detalle-mascarilla-dtf.jpg\"><img fetchpriority=\"high\" decoding=\"async\" width=\"620\" height=\"352\" data-id=\"2241\" src=\"https:\/\/altaremera.com.ar\/sitio\/wp-content\/uploads\/2022\/08\/detalle-mascarilla-dtf.jpg\" alt=\"\" class=\"wp-image-2241\" srcset=\"https:\/\/altaremera.com.ar\/sitio\/wp-content\/uploads\/2022\/08\/detalle-mascarilla-dtf.jpg 620w, https:\/\/altaremera.com.ar\/sitio\/wp-content\/uploads\/2022\/08\/detalle-mascarilla-dtf-416x236.jpg 416w, https:\/\/altaremera.com.ar\/sitio\/wp-content\/uploads\/2022\/08\/detalle-mascarilla-dtf-300x170.jpg 300w, https:\/\/altaremera.com.ar\/sitio\/wp-content\/uploads\/2022\/08\/detalle-mascarilla-dtf-320x182.jpg 320w, https:\/\/altaremera.com.ar\/sitio\/wp-content\/uploads\/2022\/08\/detalle-mascarilla-dtf-480x273.jpg 480w\" sizes=\"(max-width: 620px) 100vw, 620px\" \/><\/a><\/figure>\n\n\n\n<figure class=\"wp-block-image size-large\"><a href=\"https:\/\/altaremera.com.ar\/sitio\/wp-content\/uploads\/2022\/08\/dtf1.jpg\"><img decoding=\"async\" width=\"1600\" height=\"920\" data-id=\"2242\" src=\"https:\/\/altaremera.com.ar\/sitio\/wp-content\/uploads\/2022\/08\/dtf1.jpg\" alt=\"\" class=\"wp-image-2242\" srcset=\"https:\/\/altaremera.com.ar\/sitio\/wp-content\/uploads\/2022\/08\/dtf1.jpg 1600w, https:\/\/altaremera.com.ar\/sitio\/wp-content\/uploads\/2022\/08\/dtf1-416x239.jpg 416w, https:\/\/altaremera.com.ar\/sitio\/wp-content\/uploads\/2022\/08\/dtf1-300x173.jpg 300w, https:\/\/altaremera.com.ar\/sitio\/wp-content\/uploads\/2022\/08\/dtf1-1024x589.jpg 1024w, https:\/\/altaremera.com.ar\/sitio\/wp-content\/uploads\/2022\/08\/dtf1-768x442.jpg 768w, https:\/\/altaremera.com.ar\/sitio\/wp-content\/uploads\/2022\/08\/dtf1-1536x883.jpg 1536w, https:\/\/altaremera.com.ar\/sitio\/wp-content\/uploads\/2022\/08\/dtf1-320x184.jpg 320w, https:\/\/altaremera.com.ar\/sitio\/wp-content\/uploads\/2022\/08\/dtf1-480x276.jpg 480w, https:\/\/altaremera.com.ar\/sitio\/wp-content\/uploads\/2022\/08\/dtf1-800x460.jpg 800w\" sizes=\"(max-width: 1600px) 100vw, 1600px\" \/><\/a><\/figure>\n\n\n\n<figure class=\"wp-block-image size-large\"><a href=\"https:\/\/altaremera.com.ar\/sitio\/wp-content\/uploads\/2022\/08\/dtf2.jpg\"><img decoding=\"async\" width=\"1024\" height=\"1024\" data-id=\"2243\" src=\"https:\/\/altaremera.com.ar\/sitio\/wp-content\/uploads\/2022\/08\/dtf2.jpg\" alt=\"\" class=\"wp-image-2243\" srcset=\"https:\/\/altaremera.com.ar\/sitio\/wp-content\/uploads\/2022\/08\/dtf2.jpg 1024w, https:\/\/altaremera.com.ar\/sitio\/wp-content\/uploads\/2022\/08\/dtf2-324x324.jpg 324w, https:\/\/altaremera.com.ar\/sitio\/wp-content\/uploads\/2022\/08\/dtf2-100x100.jpg 100w, https:\/\/altaremera.com.ar\/sitio\/wp-content\/uploads\/2022\/08\/dtf2-416x416.jpg 416w, https:\/\/altaremera.com.ar\/sitio\/wp-content\/uploads\/2022\/08\/dtf2-300x300.jpg 300w, https:\/\/altaremera.com.ar\/sitio\/wp-content\/uploads\/2022\/08\/dtf2-150x150.jpg 150w, https:\/\/altaremera.com.ar\/sitio\/wp-content\/uploads\/2022\/08\/dtf2-768x768.jpg 768w, https:\/\/altaremera.com.ar\/sitio\/wp-content\/uploads\/2022\/08\/dtf2-320x320.jpg 320w, https:\/\/altaremera.com.ar\/sitio\/wp-content\/uploads\/2022\/08\/dtf2-480x480.jpg 480w, https:\/\/altaremera.com.ar\/sitio\/wp-content\/uploads\/2022\/08\/dtf2-800x800.jpg 800w\" sizes=\"(max-width: 1024px) 100vw, 1024px\" \/><\/a><\/figure>\n\n\n\n<figure class=\"wp-block-image size-large\"><a href=\"https:\/\/altaremera.com.ar\/sitio\/wp-content\/uploads\/2022\/08\/estampando-dtf.gif\"><img loading=\"lazy\" decoding=\"async\" width=\"620\" height=\"352\" data-id=\"2244\" src=\"https:\/\/altaremera.com.ar\/sitio\/wp-content\/uploads\/2022\/08\/estampando-dtf.gif\" alt=\"\" class=\"wp-image-2244\"\/><\/a><\/figure>\n\n\n\n<figure class=\"wp-block-image size-large\"><a href=\"https:\/\/altaremera.com.ar\/sitio\/wp-content\/uploads\/2022\/08\/estampando-dtf-en-camiseta.jpg\"><img loading=\"lazy\" decoding=\"async\" width=\"620\" height=\"629\" data-id=\"2245\" src=\"https:\/\/altaremera.com.ar\/sitio\/wp-content\/uploads\/2022\/08\/estampando-dtf-en-camiseta.jpg\" alt=\"\" class=\"wp-image-2245\" srcset=\"https:\/\/altaremera.com.ar\/sitio\/wp-content\/uploads\/2022\/08\/estampando-dtf-en-camiseta.jpg 620w, https:\/\/altaremera.com.ar\/sitio\/wp-content\/uploads\/2022\/08\/estampando-dtf-en-camiseta-100x100.jpg 100w, https:\/\/altaremera.com.ar\/sitio\/wp-content\/uploads\/2022\/08\/estampando-dtf-en-camiseta-416x422.jpg 416w, https:\/\/altaremera.com.ar\/sitio\/wp-content\/uploads\/2022\/08\/estampando-dtf-en-camiseta-296x300.jpg 296w, https:\/\/altaremera.com.ar\/sitio\/wp-content\/uploads\/2022\/08\/estampando-dtf-en-camiseta-320x325.jpg 320w, https:\/\/altaremera.com.ar\/sitio\/wp-content\/uploads\/2022\/08\/estampando-dtf-en-camiseta-480x487.jpg 480w\" sizes=\"(max-width: 620px) 100vw, 620px\" \/><\/a><\/figure>\n\n\n\n<figure class=\"wp-block-image size-large\"><a href=\"https:\/\/altaremera.com.ar\/sitio\/wp-content\/uploads\/2022\/08\/estampando-dtf-en-camiseta-negra.jpg\"><img loading=\"lazy\" decoding=\"async\" width=\"620\" height=\"629\" data-id=\"2246\" src=\"https:\/\/altaremera.com.ar\/sitio\/wp-content\/uploads\/2022\/08\/estampando-dtf-en-camiseta-negra.jpg\" alt=\"\" class=\"wp-image-2246\" srcset=\"https:\/\/altaremera.com.ar\/sitio\/wp-content\/uploads\/2022\/08\/estampando-dtf-en-camiseta-negra.jpg 620w, https:\/\/altaremera.com.ar\/sitio\/wp-content\/uploads\/2022\/08\/estampando-dtf-en-camiseta-negra-100x100.jpg 100w, https:\/\/altaremera.com.ar\/sitio\/wp-content\/uploads\/2022\/08\/estampando-dtf-en-camiseta-negra-416x422.jpg 416w, https:\/\/altaremera.com.ar\/sitio\/wp-content\/uploads\/2022\/08\/estampando-dtf-en-camiseta-negra-296x300.jpg 296w, https:\/\/altaremera.com.ar\/sitio\/wp-content\/uploads\/2022\/08\/estampando-dtf-en-camiseta-negra-320x325.jpg 320w, https:\/\/altaremera.com.ar\/sitio\/wp-content\/uploads\/2022\/08\/estampando-dtf-en-camiseta-negra-480x487.jpg 480w\" sizes=\"(max-width: 620px) 100vw, 620px\" \/><\/a><\/figure>\n\n\n\n<figure class=\"wp-block-image size-large\"><a href=\"https:\/\/altaremera.com.ar\/sitio\/wp-content\/uploads\/2022\/08\/estampando-dtf-en-camiseta-tecnica.jpg\"><img loading=\"lazy\" decoding=\"async\" width=\"620\" height=\"629\" data-id=\"2247\" src=\"https:\/\/altaremera.com.ar\/sitio\/wp-content\/uploads\/2022\/08\/estampando-dtf-en-camiseta-tecnica.jpg\" alt=\"\" class=\"wp-image-2247\" srcset=\"https:\/\/altaremera.com.ar\/sitio\/wp-content\/uploads\/2022\/08\/estampando-dtf-en-camiseta-tecnica.jpg 620w, https:\/\/altaremera.com.ar\/sitio\/wp-content\/uploads\/2022\/08\/estampando-dtf-en-camiseta-tecnica-100x100.jpg 100w, https:\/\/altaremera.com.ar\/sitio\/wp-content\/uploads\/2022\/08\/estampando-dtf-en-camiseta-tecnica-416x422.jpg 416w, https:\/\/altaremera.com.ar\/sitio\/wp-content\/uploads\/2022\/08\/estampando-dtf-en-camiseta-tecnica-296x300.jpg 296w, https:\/\/altaremera.com.ar\/sitio\/wp-content\/uploads\/2022\/08\/estampando-dtf-en-camiseta-tecnica-320x325.jpg 320w, https:\/\/altaremera.com.ar\/sitio\/wp-content\/uploads\/2022\/08\/estampando-dtf-en-camiseta-tecnica-480x487.jpg 480w\" sizes=\"(max-width: 620px) 100vw, 620px\" \/><\/a><\/figure>\n\n\n\n<figure class=\"wp-block-image size-large\"><a href=\"https:\/\/altaremera.com.ar\/sitio\/wp-content\/uploads\/2022\/08\/film.jpg\"><img loading=\"lazy\" decoding=\"async\" width=\"643\" height=\"643\" data-id=\"2248\" src=\"https:\/\/altaremera.com.ar\/sitio\/wp-content\/uploads\/2022\/08\/film.jpg\" alt=\"\" class=\"wp-image-2248\" srcset=\"https:\/\/altaremera.com.ar\/sitio\/wp-content\/uploads\/2022\/08\/film.jpg 643w, https:\/\/altaremera.com.ar\/sitio\/wp-content\/uploads\/2022\/08\/film-324x324.jpg 324w, https:\/\/altaremera.com.ar\/sitio\/wp-content\/uploads\/2022\/08\/film-100x100.jpg 100w, https:\/\/altaremera.com.ar\/sitio\/wp-content\/uploads\/2022\/08\/film-416x416.jpg 416w, https:\/\/altaremera.com.ar\/sitio\/wp-content\/uploads\/2022\/08\/film-300x300.jpg 300w, https:\/\/altaremera.com.ar\/sitio\/wp-content\/uploads\/2022\/08\/film-150x150.jpg 150w, https:\/\/altaremera.com.ar\/sitio\/wp-content\/uploads\/2022\/08\/film-320x320.jpg 320w, https:\/\/altaremera.com.ar\/sitio\/wp-content\/uploads\/2022\/08\/film-480x480.jpg 480w\" sizes=\"(max-width: 643px) 100vw, 643px\" \/><\/a><\/figure>\n<\/figure>\n","protected":false},"excerpt":{"rendered":"<p>DTF viene de las siglas en ingl\u00e9s Direct Transfer to Film, o lo que es lo mismo, impresi\u00f3n directa sobre film para crear una especie de transfer digital que una vez impreso y curado puedes aplicar sobre camisetas de algod\u00f3n, poli\u00e9ster y mezcla de cualquier color ya que incorpora tinta blanca. Como funciona una impresora [&hellip;]<\/p>\n","protected":false},"author":1,"featured_media":0,"parent":0,"menu_order":0,"comment_status":"closed","ping_status":"closed","template":"","meta":{"rs_blank_template":"","rs_page_bg_color":"","slide_template_v7":"","inline_featured_image":false,"footnotes":""},"class_list":["post-647","page","type-page","status-publish","hentry"],"_links":{"self":[{"href":"https:\/\/altaremera.com.ar\/sitio\/wp-json\/wp\/v2\/pages\/647","targetHints":{"allow":["GET"]}}],"collection":[{"href":"https:\/\/altaremera.com.ar\/sitio\/wp-json\/wp\/v2\/pages"}],"about":[{"href":"https:\/\/altaremera.com.ar\/sitio\/wp-json\/wp\/v2\/types\/page"}],"author":[{"embeddable":true,"href":"https:\/\/altaremera.com.ar\/sitio\/wp-json\/wp\/v2\/users\/1"}],"replies":[{"embeddable":true,"href":"https:\/\/altaremera.com.ar\/sitio\/wp-json\/wp\/v2\/comments?post=647"}],"version-history":[{"count":15,"href":"https:\/\/altaremera.com.ar\/sitio\/wp-json\/wp\/v2\/pages\/647\/revisions"}],"predecessor-version":[{"id":2264,"href":"https:\/\/altaremera.com.ar\/sitio\/wp-json\/wp\/v2\/pages\/647\/revisions\/2264"}],"wp:attachment":[{"href":"https:\/\/altaremera.com.ar\/sitio\/wp-json\/wp\/v2\/media?parent=647"}],"curies":[{"name":"wp","href":"https:\/\/api.w.org\/{rel}","templated":true}]}}