{"id":553,"date":"2017-06-11T00:22:09","date_gmt":"2017-06-11T00:22:09","guid":{"rendered":"http:\/\/altaremera.com.ar\/sitio\/?page_id=553"},"modified":"2025-11-26T17:49:26","modified_gmt":"2025-11-26T17:49:26","slug":"terminos-y-condiciones","status":"publish","type":"page","link":"https:\/\/altaremera.com.ar\/sitio\/sobre-nosotros\/terminos-y-condiciones\/","title":{"rendered":"T\u00e9rminos y condiciones"},"content":{"rendered":"<p>La tienda online ALTAREMERA.COM.AR fue creada por la Empresa VISSIONFLASH.com.ar, que es el operador de este sitio. Cualquier pedido de un producto ofrecido en la tienda online implica la aceptaci\u00f3n de estos t\u00e9rminos y condiciones. Estas condiciones son aplicables a cualquier venta de los productos presentados en el sitio \u00abALTAREMERA\u00bb. En consecuencia, el usuario est\u00e1 plenamente informado de la realidad de su acuerdo sobre el contenido de estas condiciones y no requiere la firma manuscrita de este documento en la medida que el cliente quiera comprar productos en l\u00ednea en \u00abwww.altaremera.com.ar \u00ab. El Cliente declara haber le\u00eddo este documento al realizar el pedido. Cualquier pedido realizado en el sitio web \u00abwww.altaremera.com.ar\u00bb supone la plena aceptaci\u00f3n de estos t\u00e9rminos. Estas condiciones se refieren exclusivamente a personas f\u00edsicas no comerciales. Las partes acuerdan que sus relaciones se regir\u00e1n exclusivamente por el presente contrato. Como parte de su negocio, VISSIONFLASH proporciona la siguiente informaci\u00f3n:<br \/>\n&#8211; Presentaci\u00f3n de las caracter\u00edsticas esenciales de los bienes ofrecidos<br \/>\n&#8211; Indicaci\u00f3n de los precios de los productos en pesos argentinos y su equivalente en dolares estadounidenses al tipo de cambio a la fecha en argentina y los gastos de env\u00edo<br \/>\n&#8211; Las condiciones de pago, entrega o ejecuci\u00f3n &#8211; La existencia de un derecho de desistimiento se presenta toda esta informaci\u00f3n en castellano. Los pa\u00edses consumidores tienen plena capacidad jur\u00eddica para participar en estos t\u00e9rminos y condiciones.<\/p>\n<p>Art\u00edculo 2:<\/p>\n<p>Las condiciones generales de venta de la empresa VISSIONFLASH definen los derechos y obligaciones de las partes en relaci\u00f3n con la venta de productos a trav\u00e9s de la tienda online www.altaremera.com.ar con el cliente. El cliente declara haber le\u00eddo y aceptado los derechos y obligaciones correspondientes.<\/p>\n<p>Art\u00edculo 3: \u00c1mbito<\/p>\n<p>Estos t\u00e9rminos definen las obligaciones de las partes. En este sentido, el consumidor se considerar\u00e1 que acepta sin reservas todas las disposiciones de estos t\u00e9rminos y condiciones. Ning\u00fan documento enviado o entregado por el consumidor pueden ser incorporado en este documento, siempre que dicho documento sean incompatible con estos t\u00e9rminos y condiciones.<\/p>\n<p>Art\u00edculo 4: Control y personalizaci\u00f3n<\/p>\n<p>ALTAREMERA se reserva el derecho de cancelar cualquier pedido de un usuario con el que exista un litigio anterior. Al hacer el pedido, ALTAREMERA informa a la disponibilidad de productos. Si, a pesar del control de ALTAREMERA, los productos no est\u00e1n disponibles (fuera de stock, etc.) Despu\u00e9s de realizar el pedido, el usuario ser\u00e1 informado por e-mail de los datos bancarios de ALTAREMERA y el mismo podr\u00e1 cancelar su pedido o modificar su orden.<\/p>\n<p>La personalizacion de los productos realizada por el cliente, estara sujeta a las condiciones de estampado que esta exija, dise\u00f1os con mas de cinco colores y\/o trazos muy finos incompatibles con los vinilos de corte se realizar\u00e1 en print full color al solvente, sobre base vinilica blanca aplicada con transferencia de calor, presi\u00f3n y tiempo en estampadora industrial. Se deja en claro que este tipo de material requiere extremar los cuidados a la hora de lavar y planchar (del rev\u00e9s) utilizar agua fr\u00eda y no utilizar lavandinas ni exceso de detergentes. No estrujar ni retorcer. Estos cuidados le dar\u00e1n durabilidad a la prenda. ALTA REMERA no se responsabiliza por malos cuidados a las estampas.<\/p>\n<p>Los talles son a nivel ilustrativo, se aconseja al cliente en los datos correspondientes a los talles, tomar las medidas de una prenda de su talle desde axila a axila y desde el hombro has abajo, para asegurar en que medida de talle encaja.<\/p>\n<p>Art\u00edculo 5: Pago<br \/>\nLos pagos se efectuar\u00e1n mediante transferencia\/dep\u00f3sito bancario, por anticipado incluyendo el gasto de env\u00edo correspondiente, se recomienda antes de realizar el pago, contactar con ALTAREMERA para confirmar el tipo de estampado que se aplicara al producto. (puede ser tipo foto o vinilo de corte)<\/p>\n<p>Art\u00edculo 6: Entrega<\/p>\n<p>La orden ser\u00e1 ejecutada a m\u00e1s tardar dentro de tres d\u00edas desde el d\u00eda despu\u00e9s de que el consumidor coloca su pedido, a menos que se notifique lo contrario en este sitio. En caso de indisponibilidad del producto pedido, el consumidor ser\u00e1 informado lo antes posible y tendr\u00e1 la opci\u00f3n de cancelar el pedido. El consumidor tendr\u00e1 la opci\u00f3n de solicitar un reembolso de los importes pagados dentro de 30 d\u00edas antes de su pago, o cambiar el producto. Los productos son entregados a la direcci\u00f3n especificada por el cliente en el formulario de pedido. La compa\u00f1\u00eda ALTAREMERA no se hace responsable de los retrasos en la entrega debido a los errores o interrupciones debido a los transportistas (huelga total o parcial de los servicios postales y medios de transporte y \/ o comunicaci\u00f3n). El consumidor es responsable de comprobar el estado del embalaje y el momento de la entrega de bienes e informar sobre cualquier da\u00f1o al transportista en la entrega, y la compa\u00f1\u00eda de ALTAREMERA, en un tiempo de dos d\u00edas de trabajo por e-mail a ventas@altaremera.com.ar<\/p>\n<p>Art\u00edculo 7: La cancelaci\u00f3n, el retiro, el reembolso<\/p>\n<p>El consumidor tiene un plazo de 7 d\u00edas h\u00e1biles a partir de la fecha de entrega del pedido, para devolver cualquier art\u00edculo defectuoso y pedir cambio o reembolso, a excepci\u00f3n de los gastos de env\u00edo. Para que se consider\u00e9 la posibilidad de cancelaci\u00f3n de pedido o cambio el producto debe ser devuelto con el embalaje original en perfecto estado y sin indicios de uso. Los cargos por el env\u00edo de la devoluci\u00f3n corren por cuenta del usuario. La compa\u00f1\u00eda ALTAREMERA recomienda que el cliente haga la devoluci\u00f3n del producto a trav\u00e9s del mismo correo con el que se le hizo el env\u00edo, con una recomendaci\u00f3n de seguro complementario como garant\u00eda por cualquier robo o p\u00e9rdida que pueda suceder en el proceso de env\u00edo por el correo. El producto debe ser devuelto en su estado original y el embalaje. No deber\u00e1n haber sido utilizados, o han sufrido da\u00f1os y por peque\u00f1a que sea en un lugar limpio perfectamente. En caso de cambio o devoluci\u00f3n, el rendimiento de (los) art\u00edculo (s) nueva (s) y sin usar en (su) en su embalaje original, junto con todos los accesorios, en la siguiente direcci\u00f3n: ALTAREMERA: Dr. Rojas 1894, San Pedro CP 2930 Provincia de Buenos Aires, Argentina.<\/p>\n<p>Art\u00edculo 8: Garant\u00eda<\/p>\n<p>ALTAREMERA se compromete a cumplir con sus obligaciones de salvaguardia adjunta de los productos vendidos en \u00abwww.altaremera.com.ar\u00bb. Y se compromete a controlar todos los productos enviados a los usuarios. Sin embargo, es recomendable comprobar todos los productos en el momento de su recepci\u00f3n con el prop\u00f3sito cumplan con todo lo especificado en el proceso de compra:<br \/>\n\u2022 con la descripci\u00f3n dada por el vendedor y posean las cualidades que ha presentado al comprador como una muestra o modelo<br \/>\n\u2022 las caracter\u00edsticas que un comprador podr\u00eda razonablemente esperar teniendo en cuenta las declaraciones p\u00fablicas hechas por el vendedor, el productor o su representante, en particular en la publicidad o el etiquetado.<br \/>\nTener las caracter\u00edsticas definidas de com\u00fan acuerdo por las partes o ser adecuado para un fin concreto para el que dio a conocer el comprador al vendedor y \u00e9ste acept\u00f3.<br \/>\nEl vendedor tiene la obligaci\u00f3n de garant\u00eda respecto de los vicios ocultos de la cosa vendida que la hacen no apta para el prop\u00f3sito para el que fue concebido, o que lo disminuyan este uso, que comprador no habr\u00eda adquirido o habr\u00eda pagado un precio m\u00e1s bajo si hubiera sabido.<\/p>\n<p>Art\u00edculo 9: Responsabilidad<\/p>\n<p>Las fotograf\u00edas y textos que ilustran los productos presentados no son contractuales. Por lo tanto, la responsabilidad de la empresa ALTAREMERA no se hace responsable de error en una de estas fotograf\u00edas o uno de estos textos. ALTAREMERA no se hace responsable por da\u00f1os de cualquier tipo, ya sea de propiedad tangibles o intangibles que pueden resultar de mal uso o uso incorrecto de los productos vendidos. Es el mismo para todos los cambios resultantes de los proveedores de productos. La responsabilidad de ALTAREMERA en todo caso, limitada a la cantidad del pedido y no puede ser cuestionada por simples errores u omisiones que puedan ocurrir a pesar de todas las precauciones tomadas en la presentaci\u00f3n de los productos.<br \/>\nLa compa\u00f1\u00eda ALTAREMERA no se hace responsable por incumplimiento de contrato en caso de escasez o indisponibilidad del producto, fuerza mayor, perturbaci\u00f3n o huelga total o parcial de los servicios postales y de transporte y \/ o comunicaciones, inundaciones, incendios, terremotos, inundaciones, rayos. En caso de litigio, el cliente debe comunicarse primero con ALTAREMERA para una soluci\u00f3n amistosa.<br \/>\nDe lo contrario, los tribunales de la Ciudad de San Nicol\u00e1s en la Provincia de Buenos Aires ser\u00e1n los \u00fanicos competentes, sin importar el lugar de entrega y formas de pago. Estas Condiciones de Venta y Uso de la lengua castellano se llevar\u00e1 a cabo e interpretados de acuerdo a la ley argentina. Cualquier disputa que surja en relaci\u00f3n con su validez, su interpretaci\u00f3n o su ejecuci\u00f3n ser\u00e1n sometidas a los Tribunales de la Ciudad de San Nicol\u00e1s en la Provincia Buenos Aires, que se concede expresamente la competencia exclusiva.<\/p>\n<p>Art\u00edculo 10: Propiedad intelectual<\/p>\n<p>La compa\u00f1\u00eda ALTAREMERA tiene los derechos de propiedad intelectual en el sitio y el derecho de mostrar los elementos del cat\u00e1logo de la tienda online, incluyendo las fotograf\u00edas por la que recibi\u00f3 las aprobaciones necesarias de las personas afectadas. Por este motivo y de acuerdo con el C\u00f3digo de Propiedad Intelectual, la reproducci\u00f3n total o parcial en cualquier medio que sea, los componentes de la web y cat\u00e1logo de productos, su uso y ponerlos a disposici\u00f3n de terceros est\u00e1 estrictamente prohibido .<\/p>\n<p>Art\u00edculo 11: Privacidad<\/p>\n<p>La compa\u00f1\u00eda ALTAREMERA no revelar a terceros la informaci\u00f3n proporcionada por los clientes en el sitio. Estos son confidenciales. Que ser\u00e1n utilizados por sus servicios internos para el procesamiento de su pedido y para personalizar y mejorar la comunicaci\u00f3n entre las cartas \/ correos electr\u00f3nicos e informaci\u00f3n como parte de la personalizaci\u00f3n del sitio en funci\u00f3n de las preferencias declaradas de los usuarios. Usted tiene el derecho de acceso, rectificaci\u00f3n, modificaci\u00f3n y supresi\u00f3n de los datos que le conciernen. Usted puede ejercer este derecho ingresando a la edicion de datos de su cuenta o enviando un correo electr\u00f3nico a ventas@altaremera.com.ar<\/p>\n","protected":false},"excerpt":{"rendered":"<p>La tienda online ALTAREMERA.COM.AR fue creada por la Empresa VISSIONFLASH.com.ar, que es el operador de este sitio. Cualquier pedido de un producto ofrecido en la tienda online implica la aceptaci\u00f3n de estos t\u00e9rminos y condiciones. Estas condiciones son aplicables a cualquier venta de los productos presentados en el sitio \u00abALTAREMERA\u00bb. En consecuencia, el usuario est\u00e1 [&hellip;]<\/p>\n","protected":false},"author":1,"featured_media":0,"parent":152,"menu_order":0,"comment_status":"closed","ping_status":"closed","template":"","meta":{"rs_blank_template":"","rs_page_bg_color":"","slide_template_v7":"","inline_featured_image":false,"footnotes":""},"class_list":["post-553","page","type-page","status-publish","hentry"],"_links":{"self":[{"href":"https:\/\/altaremera.com.ar\/sitio\/wp-json\/wp\/v2\/pages\/553","targetHints":{"allow":["GET"]}}],"collection":[{"href":"https:\/\/altaremera.com.ar\/sitio\/wp-json\/wp\/v2\/pages"}],"about":[{"href":"https:\/\/altaremera.com.ar\/sitio\/wp-json\/wp\/v2\/types\/page"}],"author":[{"embeddable":true,"href":"https:\/\/altaremera.com.ar\/sitio\/wp-json\/wp\/v2\/users\/1"}],"replies":[{"embeddable":true,"href":"https:\/\/altaremera.com.ar\/sitio\/wp-json\/wp\/v2\/comments?post=553"}],"version-history":[{"count":1,"href":"https:\/\/altaremera.com.ar\/sitio\/wp-json\/wp\/v2\/pages\/553\/revisions"}],"predecessor-version":[{"id":554,"href":"https:\/\/altaremera.com.ar\/sitio\/wp-json\/wp\/v2\/pages\/553\/revisions\/554"}],"up":[{"embeddable":true,"href":"https:\/\/altaremera.com.ar\/sitio\/wp-json\/wp\/v2\/pages\/152"}],"wp:attachment":[{"href":"https:\/\/altaremera.com.ar\/sitio\/wp-json\/wp\/v2\/media?parent=553"}],"curies":[{"name":"wp","href":"https:\/\/api.w.org\/{rel}","templated":true}]}}