{"id":308,"date":"2016-02-22T23:55:25","date_gmt":"2016-02-22T23:55:25","guid":{"rendered":"http:\/\/altaremera.com.ar\/sitio\/?page_id=308"},"modified":"2025-11-26T17:49:26","modified_gmt":"2025-11-26T17:49:26","slug":"tips-de-cuidados","status":"publish","type":"page","link":"https:\/\/altaremera.com.ar\/sitio\/sobre-nosotros\/tips-de-cuidados\/","title":{"rendered":"Tip&#8217;s de cuidados"},"content":{"rendered":"<h2 class=\"titulo\">INSTRUCCIONES DE LAVADO, SECADO, Y PLANCHADO<\/h2>\n<p>Las instrucciones a tener en cuenta son las siguientes:<\/p>\n<table width=\"40%\" align=\"center\">\n<tbody>\n<tr>\n<td align=\"center\"><img decoding=\"async\" class=\"size-full wp-image-287 aligncenter\" src=\"\/\/www.altaremera.com.ar\/sitio\/wp-content\/uploads\/2016\/02\/conoce-agua.png\" alt=\"conoce-agua\" width=\"48\" height=\"45\"><\/td>\n<td align=\"center\"><img decoding=\"async\" class=\"size-full wp-image-292 aligncenter\" src=\"\/\/www.altaremera.com.ar\/sitio\/wp-content\/uploads\/2016\/02\/conoce-reves.png\" alt=\"conoce-reves\" width=\"48\" height=\"45\"><\/td>\n<td align=\"center\"><img decoding=\"async\" class=\"size-full wp-image-288 aligncenter\" src=\"\/\/www.altaremera.com.ar\/sitio\/wp-content\/uploads\/2016\/02\/conoce-lavandina.png\" alt=\"conoce-lavandina\" width=\"48\" height=\"45\"><\/td>\n<td align=\"center\"><img loading=\"lazy\" decoding=\"async\" class=\"size-full wp-image-289 aligncenter\" src=\"\/\/www.altaremera.com.ar\/sitio\/wp-content\/uploads\/2016\/02\/conoce-lavar.png\" alt=\"conoce-lavar\" width=\"48\" height=\"45\"><\/td>\n<td align=\"center\"><img loading=\"lazy\" decoding=\"async\" class=\"size-full wp-image-291 aligncenter\" src=\"\/\/www.altaremera.com.ar\/sitio\/wp-content\/uploads\/2016\/02\/conoce-retorcer.png\" alt=\"conoce-retorcer\" width=\"48\" height=\"45\"><\/td>\n<td align=\"center\"><img loading=\"lazy\" decoding=\"async\" class=\"size-full wp-image-290 aligncenter\" src=\"\/\/www.altaremera.com.ar\/sitio\/wp-content\/uploads\/2016\/02\/conoce-plancha.png\" alt=\"conoce-plancha\" width=\"48\" height=\"45\"><\/td>\n<td align=\"center\"><img decoding=\"async\" class=\"size-full wp-image-292 aligncenter\" src=\"\/\/www.altaremera.com.ar\/sitio\/wp-content\/uploads\/2016\/02\/conoce-reves.png\" alt=\"conoce-reves\" width=\"48\" height=\"45\"><\/td>\n<\/tr>\n<tr valign=\"top\">\n<td>\n<div style=\"text-align: center;\">Lavar con agua fr\u00eda (temperatura m\u00e1xima de lavado: 30 \u00b0C).<\/div>\n<\/td>\n<td>\n<div style=\"text-align: center;\">Lavar del rev\u00e9s.<\/div>\n<\/td>\n<td>\n<div style=\"text-align: center;\">No usar lavandina u otros agentes qu\u00edmicos agresivos.<\/div>\n<\/td>\n<td>\n<div style=\"text-align: center;\">No lavar en seco.<\/div>\n<\/td>\n<td>\n<div style=\"text-align: center;\">No retorcer.<\/div>\n<\/td>\n<td>\n<div style=\"text-align: center;\">Planchar a baja temperatura.<\/div>\n<\/td>\n<td>\n<div style=\"text-align: center;\">Planchar del rev\u00e9s.<\/div>\n<\/td>\n<\/tr>\n<\/tbody>\n<\/table>\n<h2 class=\"titulo\">OTRAS RECOMENDACIONES GENERALES:<\/h2>\n<p><b>Clasificar la ropa:<\/b> Lavar por separado las prendas de colores blancos o claros de las de colores oscuros. Separarlas tambi\u00e9n en funci\u00f3n de la suciedad en ropa sucia y poco sucia. Tambi\u00e9n es recomendable clasificarlas en funci\u00f3n del tipo de tejido (algod\u00f3n, lana, seda, sint\u00e9ticos, etc.) para luego ajustar el programa de lavado m\u00e1s adecuado.<\/p>\n<p><b>Dosificar el detergente de forma adecuada.<\/b> A\u00f1adir mucha cantidad deteriora la ropa y puede dejar manchas en la misma, adem\u00e1s del mayor costo y perjuicio para el medio ambiente que ello implica.<\/p>\n<p><b>Secado:<\/b> Una vez finalizado el lavado, sacar la ropa del lavarropas lo antes posible para prevenir que aparezcan olores en las prendas. Dejar secar en un lugar adecuado. No exponerlas a la acci\u00f3n directa del sol.<\/p>\n","protected":false},"excerpt":{"rendered":"<p>INSTRUCCIONES DE LAVADO, SECADO, Y PLANCHADO Las instrucciones a tener en cuenta son las siguientes: Lavar con agua fr\u00eda (temperatura m\u00e1xima de lavado: 30 \u00b0C). Lavar del rev\u00e9s. No usar lavandina u otros agentes qu\u00edmicos agresivos. No lavar en seco. No retorcer. Planchar a baja temperatura. Planchar del rev\u00e9s. OTRAS RECOMENDACIONES GENERALES: Clasificar la ropa: [&hellip;]<\/p>\n","protected":false},"author":1,"featured_media":0,"parent":152,"menu_order":0,"comment_status":"closed","ping_status":"open","template":"","meta":{"rs_blank_template":"","rs_page_bg_color":"","slide_template_v7":"","inline_featured_image":false,"footnotes":""},"class_list":["post-308","page","type-page","status-publish","hentry"],"_links":{"self":[{"href":"https:\/\/altaremera.com.ar\/sitio\/wp-json\/wp\/v2\/pages\/308","targetHints":{"allow":["GET"]}}],"collection":[{"href":"https:\/\/altaremera.com.ar\/sitio\/wp-json\/wp\/v2\/pages"}],"about":[{"href":"https:\/\/altaremera.com.ar\/sitio\/wp-json\/wp\/v2\/types\/page"}],"author":[{"embeddable":true,"href":"https:\/\/altaremera.com.ar\/sitio\/wp-json\/wp\/v2\/users\/1"}],"replies":[{"embeddable":true,"href":"https:\/\/altaremera.com.ar\/sitio\/wp-json\/wp\/v2\/comments?post=308"}],"version-history":[{"count":4,"href":"https:\/\/altaremera.com.ar\/sitio\/wp-json\/wp\/v2\/pages\/308\/revisions"}],"predecessor-version":[{"id":2250,"href":"https:\/\/altaremera.com.ar\/sitio\/wp-json\/wp\/v2\/pages\/308\/revisions\/2250"}],"up":[{"embeddable":true,"href":"https:\/\/altaremera.com.ar\/sitio\/wp-json\/wp\/v2\/pages\/152"}],"wp:attachment":[{"href":"https:\/\/altaremera.com.ar\/sitio\/wp-json\/wp\/v2\/media?parent=308"}],"curies":[{"name":"wp","href":"https:\/\/api.w.org\/{rel}","templated":true}]}}