{"id":2476,"date":"2022-08-18T19:25:34","date_gmt":"2022-08-18T19:25:34","guid":{"rendered":"https:\/\/altaremera.com.ar\/sitio\/?page_id=2476"},"modified":"2025-11-26T17:47:36","modified_gmt":"2025-11-26T17:47:36","slug":"blog","status":"publish","type":"page","link":"https:\/\/altaremera.com.ar\/sitio\/blog\/","title":{"rendered":"Blog"},"content":{"rendered":"\t\t<div data-elementor-type=\"wp-page\" data-elementor-id=\"2476\" class=\"elementor elementor-2476\" data-elementor-post-type=\"page\">\n\t\t\t\t\t\t<section class=\"elementor-section elementor-top-section elementor-element elementor-element-b3a6ce3 elementor-section-boxed elementor-section-height-default elementor-section-height-default\" data-id=\"b3a6ce3\" data-element_type=\"section\" data-e-type=\"section\">\n\t\t\t\t\t\t<div class=\"elementor-container elementor-column-gap-default\">\n\t\t\t\t\t<div class=\"elementor-column elementor-col-100 elementor-top-column elementor-element elementor-element-6c1f4e0\" data-id=\"6c1f4e0\" data-element_type=\"column\" data-e-type=\"column\">\n\t\t\t<div class=\"elementor-widget-wrap elementor-element-populated\">\n\t\t\t\t\t\t<div class=\"elementor-element elementor-element-837a4e3 elementor-grid-3 elementor-grid-tablet-2 elementor-grid-mobile-1 elementor-posts--thumbnail-top elementor-card-shadow-yes elementor-posts__hover-gradient elementor-widget elementor-widget-posts\" data-id=\"837a4e3\" data-element_type=\"widget\" data-e-type=\"widget\" data-settings=\"{&quot;pagination_type&quot;:&quot;numbers&quot;,&quot;cards_masonry&quot;:&quot;yes&quot;,&quot;cards_columns&quot;:&quot;3&quot;,&quot;cards_columns_tablet&quot;:&quot;2&quot;,&quot;cards_columns_mobile&quot;:&quot;1&quot;,&quot;cards_row_gap&quot;:{&quot;unit&quot;:&quot;px&quot;,&quot;size&quot;:35,&quot;sizes&quot;:[]},&quot;cards_row_gap_tablet&quot;:{&quot;unit&quot;:&quot;px&quot;,&quot;size&quot;:&quot;&quot;,&quot;sizes&quot;:[]},&quot;cards_row_gap_mobile&quot;:{&quot;unit&quot;:&quot;px&quot;,&quot;size&quot;:&quot;&quot;,&quot;sizes&quot;:[]}}\" data-widget_type=\"posts.cards\">\n\t\t\t\t<div class=\"elementor-widget-container\">\n\t\t\t\t\t\t\t<div class=\"elementor-posts-container elementor-posts elementor-posts--skin-cards elementor-grid\" role=\"list\">\n\t\t\t\t<article class=\"elementor-post elementor-grid-item post-220 post type-post status-publish format-standard has-post-thumbnail hentry category-blog tag-enamorados tag-san-valentin\" role=\"listitem\">\n\t\t\t<div class=\"elementor-post__card\">\n\t\t\t\t<a class=\"elementor-post__thumbnail__link\" href=\"https:\/\/altaremera.com.ar\/sitio\/el-dia-de-los-enamorados-en-argentina-se-celebra-el-14-de-febrero\/\" tabindex=\"-1\" ><div class=\"elementor-post__thumbnail\"><img fetchpriority=\"high\" decoding=\"async\" width=\"300\" height=\"300\" src=\"https:\/\/altaremera.com.ar\/sitio\/wp-content\/uploads\/2016\/02\/sanValentin-300x300.jpg\" class=\"attachment-medium size-medium wp-image-2497\" alt=\"\" srcset=\"https:\/\/altaremera.com.ar\/sitio\/wp-content\/uploads\/2016\/02\/sanValentin-300x300.jpg 300w, https:\/\/altaremera.com.ar\/sitio\/wp-content\/uploads\/2016\/02\/sanValentin-324x324.jpg 324w, https:\/\/altaremera.com.ar\/sitio\/wp-content\/uploads\/2016\/02\/sanValentin-100x100.jpg 100w, https:\/\/altaremera.com.ar\/sitio\/wp-content\/uploads\/2016\/02\/sanValentin-416x416.jpg 416w, https:\/\/altaremera.com.ar\/sitio\/wp-content\/uploads\/2016\/02\/sanValentin-150x150.jpg 150w, https:\/\/altaremera.com.ar\/sitio\/wp-content\/uploads\/2016\/02\/sanValentin-320x320.jpg 320w, https:\/\/altaremera.com.ar\/sitio\/wp-content\/uploads\/2016\/02\/sanValentin.jpg 474w\" sizes=\"(max-width: 300px) 100vw, 300px\" \/><\/div><\/a>\n\t\t\t\t<div class=\"elementor-post__text\">\n\t\t\t\t<h3 class=\"elementor-post__title\">\n\t\t\t<a href=\"https:\/\/altaremera.com.ar\/sitio\/el-dia-de-los-enamorados-en-argentina-se-celebra-el-14-de-febrero\/\" >\n\t\t\t\tEl D\u00eda de los Enamorados en Argentina se celebra el 14 de Febrero.\t\t\t<\/a>\n\t\t<\/h3>\n\t\t\t\t<div class=\"elementor-post__excerpt\">\n\t\t\t<p>Es un d\u00eda muy especial para todas aquellas parejas de enamorados, como tradici\u00f3n en esta<\/p>\n\t\t<\/div>\n\t\t\n\t\t<a class=\"elementor-post__read-more\" href=\"https:\/\/altaremera.com.ar\/sitio\/el-dia-de-los-enamorados-en-argentina-se-celebra-el-14-de-febrero\/\" aria-label=\"Read more about El D\u00eda de los Enamorados en Argentina se celebra el 14 de Febrero.\" tabindex=\"-1\" >\n\t\t\tLeer m\u00e1s \u00bb\t\t<\/a>\n\n\t\t\t\t<\/div>\n\t\t\t\t<div class=\"elementor-post__meta-data\">\n\t\t\t\t\t<span class=\"elementor-post-date\">\n\t\t\t9 febrero, 2026\t\t<\/span>\n\t\t\t\t<span class=\"elementor-post-avatar\">\n\t\t\tNo hay comentarios\t\t<\/span>\n\t\t\t\t<\/div>\n\t\t\t\t\t<\/div>\n\t\t<\/article>\n\t\t\t\t<article class=\"elementor-post elementor-grid-item post-2621 post type-post status-publish format-standard has-post-thumbnail hentry category-blog tag-animales tag-panda tag-un-color\" role=\"listitem\">\n\t\t\t<div class=\"elementor-post__card\">\n\t\t\t\t<a class=\"elementor-post__thumbnail__link\" href=\"https:\/\/altaremera.com.ar\/sitio\/nuestros-pandas\/\" tabindex=\"-1\" ><div class=\"elementor-post__thumbnail\"><img decoding=\"async\" width=\"300\" height=\"187\" src=\"https:\/\/altaremera.com.ar\/sitio\/wp-content\/uploads\/2022\/09\/pandas-1-300x187.png\" class=\"attachment-medium size-medium wp-image-2622\" alt=\"\" srcset=\"https:\/\/altaremera.com.ar\/sitio\/wp-content\/uploads\/2022\/09\/pandas-1-300x187.png 300w, https:\/\/altaremera.com.ar\/sitio\/wp-content\/uploads\/2022\/09\/pandas-1-416x259.png 416w, https:\/\/altaremera.com.ar\/sitio\/wp-content\/uploads\/2022\/09\/pandas-1-1024x638.png 1024w, https:\/\/altaremera.com.ar\/sitio\/wp-content\/uploads\/2022\/09\/pandas-1-768x479.png 768w, https:\/\/altaremera.com.ar\/sitio\/wp-content\/uploads\/2022\/09\/pandas-1-320x199.png 320w, https:\/\/altaremera.com.ar\/sitio\/wp-content\/uploads\/2022\/09\/pandas-1-480x299.png 480w, https:\/\/altaremera.com.ar\/sitio\/wp-content\/uploads\/2022\/09\/pandas-1-800x499.png 800w, https:\/\/altaremera.com.ar\/sitio\/wp-content\/uploads\/2022\/09\/pandas-1.png 1505w\" sizes=\"(max-width: 300px) 100vw, 300px\" \/><\/div><\/a>\n\t\t\t\t<div class=\"elementor-post__text\">\n\t\t\t\t<h3 class=\"elementor-post__title\">\n\t\t\t<a href=\"https:\/\/altaremera.com.ar\/sitio\/nuestros-pandas\/\" >\n\t\t\t\tNuestros Pandas\t\t\t<\/a>\n\t\t<\/h3>\n\t\t\t\t<div class=\"elementor-post__excerpt\">\n\t\t\t<p>En la galer\u00eda de Clicps Arts categor\u00eda \u00abanimales\u00bb agregamos nuevos pandas, clasicos, graciosos, tiernos.. un<\/p>\n\t\t<\/div>\n\t\t\n\t\t<a class=\"elementor-post__read-more\" href=\"https:\/\/altaremera.com.ar\/sitio\/nuestros-pandas\/\" aria-label=\"Read more about Nuestros Pandas\" tabindex=\"-1\" >\n\t\t\tLeer m\u00e1s \u00bb\t\t<\/a>\n\n\t\t\t\t<\/div>\n\t\t\t\t<div class=\"elementor-post__meta-data\">\n\t\t\t\t\t<span class=\"elementor-post-date\">\n\t\t\t8 septiembre, 2023\t\t<\/span>\n\t\t\t\t<span class=\"elementor-post-avatar\">\n\t\t\tNo hay comentarios\t\t<\/span>\n\t\t\t\t<\/div>\n\t\t\t\t\t<\/div>\n\t\t<\/article>\n\t\t\t\t<article class=\"elementor-post elementor-grid-item post-2610 post type-post status-publish format-standard has-post-thumbnail hentry category-blog tag-con-nombre tag-egresaditos tag-personalizada\" role=\"listitem\">\n\t\t\t<div class=\"elementor-post__card\">\n\t\t\t\t<a class=\"elementor-post__thumbnail__link\" href=\"https:\/\/altaremera.com.ar\/sitio\/egresaditos\/\" tabindex=\"-1\" ><div class=\"elementor-post__thumbnail\"><img decoding=\"async\" width=\"300\" height=\"288\" src=\"https:\/\/altaremera.com.ar\/sitio\/wp-content\/uploads\/2022\/09\/egresaditos-1-300x288.png\" class=\"attachment-medium size-medium wp-image-2615\" alt=\"\" srcset=\"https:\/\/altaremera.com.ar\/sitio\/wp-content\/uploads\/2022\/09\/egresaditos-1-300x288.png 300w, https:\/\/altaremera.com.ar\/sitio\/wp-content\/uploads\/2022\/09\/egresaditos-1-scaled-416x400.png 416w, https:\/\/altaremera.com.ar\/sitio\/wp-content\/uploads\/2022\/09\/egresaditos-1-1024x984.png 1024w, https:\/\/altaremera.com.ar\/sitio\/wp-content\/uploads\/2022\/09\/egresaditos-1-768x738.png 768w, https:\/\/altaremera.com.ar\/sitio\/wp-content\/uploads\/2022\/09\/egresaditos-1-1536x1476.png 1536w, https:\/\/altaremera.com.ar\/sitio\/wp-content\/uploads\/2022\/09\/egresaditos-1-2048x1967.png 2048w, https:\/\/altaremera.com.ar\/sitio\/wp-content\/uploads\/2022\/09\/egresaditos-1-320x307.png 320w, https:\/\/altaremera.com.ar\/sitio\/wp-content\/uploads\/2022\/09\/egresaditos-1-480x461.png 480w, https:\/\/altaremera.com.ar\/sitio\/wp-content\/uploads\/2022\/09\/egresaditos-1-800x769.png 800w\" sizes=\"(max-width: 300px) 100vw, 300px\" \/><\/div><\/a>\n\t\t\t\t<div class=\"elementor-post__text\">\n\t\t\t\t<h3 class=\"elementor-post__title\">\n\t\t\t<a href=\"https:\/\/altaremera.com.ar\/sitio\/egresaditos\/\" >\n\t\t\t\tEgresaditos\t\t\t<\/a>\n\t\t<\/h3>\n\t\t\t\t<div class=\"elementor-post__excerpt\">\n\t\t\t<p>Nos piden con bastante frecuencia, remeras para Egresaditos, por eso realizamos un par de dise\u00f1os<\/p>\n\t\t<\/div>\n\t\t\n\t\t<a class=\"elementor-post__read-more\" href=\"https:\/\/altaremera.com.ar\/sitio\/egresaditos\/\" aria-label=\"Read more about Egresaditos\" tabindex=\"-1\" >\n\t\t\tLeer m\u00e1s \u00bb\t\t<\/a>\n\n\t\t\t\t<\/div>\n\t\t\t\t<div class=\"elementor-post__meta-data\">\n\t\t\t\t\t<span class=\"elementor-post-date\">\n\t\t\t8 septiembre, 2023\t\t<\/span>\n\t\t\t\t<span class=\"elementor-post-avatar\">\n\t\t\tNo hay comentarios\t\t<\/span>\n\t\t\t\t<\/div>\n\t\t\t\t\t<\/div>\n\t\t<\/article>\n\t\t\t\t<article class=\"elementor-post elementor-grid-item post-2573 post type-post status-publish format-standard has-post-thumbnail hentry category-blog tag-contornos tag-efectos-de-texto tag-textos tag-textos-curvos\" role=\"listitem\">\n\t\t\t<div class=\"elementor-post__card\">\n\t\t\t\t<a class=\"elementor-post__thumbnail__link\" href=\"https:\/\/altaremera.com.ar\/sitio\/textos-en-el-disenador\/\" tabindex=\"-1\" ><div class=\"elementor-post__thumbnail\"><img loading=\"lazy\" decoding=\"async\" width=\"300\" height=\"178\" src=\"https:\/\/altaremera.com.ar\/sitio\/wp-content\/uploads\/2022\/08\/manejo-de-textos-300x178.png\" class=\"attachment-medium size-medium wp-image-2576\" alt=\"\" srcset=\"https:\/\/altaremera.com.ar\/sitio\/wp-content\/uploads\/2022\/08\/manejo-de-textos-300x178.png 300w, https:\/\/altaremera.com.ar\/sitio\/wp-content\/uploads\/2022\/08\/manejo-de-textos-416x247.png 416w, https:\/\/altaremera.com.ar\/sitio\/wp-content\/uploads\/2022\/08\/manejo-de-textos-768x456.png 768w, https:\/\/altaremera.com.ar\/sitio\/wp-content\/uploads\/2022\/08\/manejo-de-textos-320x190.png 320w, https:\/\/altaremera.com.ar\/sitio\/wp-content\/uploads\/2022\/08\/manejo-de-textos-480x285.png 480w, https:\/\/altaremera.com.ar\/sitio\/wp-content\/uploads\/2022\/08\/manejo-de-textos.png 800w\" sizes=\"(max-width: 300px) 100vw, 300px\" \/><\/div><\/a>\n\t\t\t\t<div class=\"elementor-post__text\">\n\t\t\t\t<h3 class=\"elementor-post__title\">\n\t\t\t<a href=\"https:\/\/altaremera.com.ar\/sitio\/textos-en-el-disenador\/\" >\n\t\t\t\tTextos en el dise\u00f1ador\t\t\t<\/a>\n\t\t<\/h3>\n\t\t\t\t<div class=\"elementor-post__excerpt\">\n\t\t\t<p>Paso a paso las posibilidades de edici\u00f3n de los textos en nuestro dise\u00f1ador online, ingres\u00e1s<\/p>\n\t\t<\/div>\n\t\t\n\t\t<a class=\"elementor-post__read-more\" href=\"https:\/\/altaremera.com.ar\/sitio\/textos-en-el-disenador\/\" aria-label=\"Read more about Textos en el dise\u00f1ador\" tabindex=\"-1\" >\n\t\t\tLeer m\u00e1s \u00bb\t\t<\/a>\n\n\t\t\t\t<\/div>\n\t\t\t\t<div class=\"elementor-post__meta-data\">\n\t\t\t\t\t<span class=\"elementor-post-date\">\n\t\t\t5 agosto, 2023\t\t<\/span>\n\t\t\t\t<span class=\"elementor-post-avatar\">\n\t\t\tNo hay comentarios\t\t<\/span>\n\t\t\t\t<\/div>\n\t\t\t\t\t<\/div>\n\t\t<\/article>\n\t\t\t\t<article class=\"elementor-post elementor-grid-item post-2541 post type-post status-publish format-standard has-post-thumbnail hentry category-blog tag-remeron tag-remerones tag-talles-grandes\" role=\"listitem\">\n\t\t\t<div class=\"elementor-post__card\">\n\t\t\t\t<a class=\"elementor-post__thumbnail__link\" href=\"https:\/\/altaremera.com.ar\/sitio\/nuestros-talles-grandes-estan-en-auge\/\" tabindex=\"-1\" ><div class=\"elementor-post__thumbnail\"><img loading=\"lazy\" decoding=\"async\" width=\"264\" height=\"300\" src=\"https:\/\/altaremera.com.ar\/sitio\/wp-content\/uploads\/2022\/08\/remeron-1-2-264x300.png\" class=\"attachment-medium size-medium wp-image-2542\" alt=\"\" srcset=\"https:\/\/altaremera.com.ar\/sitio\/wp-content\/uploads\/2022\/08\/remeron-1-2-264x300.png 264w, https:\/\/altaremera.com.ar\/sitio\/wp-content\/uploads\/2022\/08\/remeron-1-2-scaled-416x473.png 416w, https:\/\/altaremera.com.ar\/sitio\/wp-content\/uploads\/2022\/08\/remeron-1-2-900x1024.png 900w, https:\/\/altaremera.com.ar\/sitio\/wp-content\/uploads\/2022\/08\/remeron-1-2-768x874.png 768w, https:\/\/altaremera.com.ar\/sitio\/wp-content\/uploads\/2022\/08\/remeron-1-2-1350x1536.png 1350w, https:\/\/altaremera.com.ar\/sitio\/wp-content\/uploads\/2022\/08\/remeron-1-2-1800x2048.png 1800w, https:\/\/altaremera.com.ar\/sitio\/wp-content\/uploads\/2022\/08\/remeron-1-2-320x364.png 320w, https:\/\/altaremera.com.ar\/sitio\/wp-content\/uploads\/2022\/08\/remeron-1-2-480x546.png 480w, https:\/\/altaremera.com.ar\/sitio\/wp-content\/uploads\/2022\/08\/remeron-1-2-800x910.png 800w\" sizes=\"(max-width: 264px) 100vw, 264px\" \/><\/div><\/a>\n\t\t\t\t<div class=\"elementor-post__text\">\n\t\t\t\t<h3 class=\"elementor-post__title\">\n\t\t\t<a href=\"https:\/\/altaremera.com.ar\/sitio\/nuestros-talles-grandes-estan-en-auge\/\" >\n\t\t\t\tRemerones. Nuestros talles grandes est\u00e1n en auge!\t\t\t<\/a>\n\t\t<\/h3>\n\t\t\t\t<div class=\"elementor-post__excerpt\">\n\t\t\t<p>Cada vez m\u00e1s notamos como una tendencia, que chicos y chicas j\u00f3venes nos vienen pidiendo<\/p>\n\t\t<\/div>\n\t\t\n\t\t<a class=\"elementor-post__read-more\" href=\"https:\/\/altaremera.com.ar\/sitio\/nuestros-talles-grandes-estan-en-auge\/\" aria-label=\"Read more about Remerones. Nuestros talles grandes est\u00e1n en auge!\" tabindex=\"-1\" >\n\t\t\tLeer m\u00e1s \u00bb\t\t<\/a>\n\n\t\t\t\t<\/div>\n\t\t\t\t<div class=\"elementor-post__meta-data\">\n\t\t\t\t\t<span class=\"elementor-post-date\">\n\t\t\t19 julio, 2023\t\t<\/span>\n\t\t\t\t<span class=\"elementor-post-avatar\">\n\t\t\tNo hay comentarios\t\t<\/span>\n\t\t\t\t<\/div>\n\t\t\t\t\t<\/div>\n\t\t<\/article>\n\t\t\t\t<article class=\"elementor-post elementor-grid-item post-2511 post type-post status-publish format-standard has-post-thumbnail hentry category-blog tag-animales tag-clip-art tag-gato tag-lechuza tag-leon tag-lobo tag-tigre\" role=\"listitem\">\n\t\t\t<div class=\"elementor-post__card\">\n\t\t\t\t<a class=\"elementor-post__thumbnail__link\" href=\"https:\/\/altaremera.com.ar\/sitio\/agregamos-clips-arts-a-la-categoria-animales\/\" tabindex=\"-1\" ><div class=\"elementor-post__thumbnail\"><img loading=\"lazy\" decoding=\"async\" width=\"300\" height=\"197\" src=\"https:\/\/altaremera.com.ar\/sitio\/wp-content\/uploads\/2022\/08\/galeria-animales-1-300x197.png\" class=\"attachment-medium size-medium wp-image-2512\" alt=\"\" srcset=\"https:\/\/altaremera.com.ar\/sitio\/wp-content\/uploads\/2022\/08\/galeria-animales-1-300x197.png 300w, https:\/\/altaremera.com.ar\/sitio\/wp-content\/uploads\/2022\/08\/galeria-animales-1-scaled-416x273.png 416w, https:\/\/altaremera.com.ar\/sitio\/wp-content\/uploads\/2022\/08\/galeria-animales-1-1024x673.png 1024w, https:\/\/altaremera.com.ar\/sitio\/wp-content\/uploads\/2022\/08\/galeria-animales-1-768x505.png 768w, https:\/\/altaremera.com.ar\/sitio\/wp-content\/uploads\/2022\/08\/galeria-animales-1-1536x1010.png 1536w, https:\/\/altaremera.com.ar\/sitio\/wp-content\/uploads\/2022\/08\/galeria-animales-1-2048x1347.png 2048w, https:\/\/altaremera.com.ar\/sitio\/wp-content\/uploads\/2022\/08\/galeria-animales-1-320x210.png 320w, https:\/\/altaremera.com.ar\/sitio\/wp-content\/uploads\/2022\/08\/galeria-animales-1-480x316.png 480w, https:\/\/altaremera.com.ar\/sitio\/wp-content\/uploads\/2022\/08\/galeria-animales-1-800x526.png 800w\" sizes=\"(max-width: 300px) 100vw, 300px\" \/><\/div><\/a>\n\t\t\t\t<div class=\"elementor-post__text\">\n\t\t\t\t<h3 class=\"elementor-post__title\">\n\t\t\t<a href=\"https:\/\/altaremera.com.ar\/sitio\/agregamos-clips-arts-a-la-categoria-animales\/\" >\n\t\t\t\tAgregamos Clips Arts a la categor\u00eda Animales\t\t\t<\/a>\n\t\t<\/h3>\n\t\t\t\t<div class=\"elementor-post__excerpt\">\n\t\t\t<p>No te pierdas estos vectores, soportan cualquier tama\u00f1o que quieras darles, sin perder resoluci\u00f3n en<\/p>\n\t\t<\/div>\n\t\t\n\t\t<a class=\"elementor-post__read-more\" href=\"https:\/\/altaremera.com.ar\/sitio\/agregamos-clips-arts-a-la-categoria-animales\/\" aria-label=\"Read more about Agregamos Clips Arts a la categor\u00eda Animales\" tabindex=\"-1\" >\n\t\t\tLeer m\u00e1s \u00bb\t\t<\/a>\n\n\t\t\t\t<\/div>\n\t\t\t\t<div class=\"elementor-post__meta-data\">\n\t\t\t\t\t<span class=\"elementor-post-date\">\n\t\t\t5 julio, 2023\t\t<\/span>\n\t\t\t\t<span class=\"elementor-post-avatar\">\n\t\t\tNo hay comentarios\t\t<\/span>\n\t\t\t\t<\/div>\n\t\t\t\t\t<\/div>\n\t\t<\/article>\n\t\t\t\t<\/div>\n\t\t\n\t\t\t\t<div class=\"e-load-more-anchor\" data-page=\"1\" data-max-page=\"5\" data-next-page=\"https:\/\/altaremera.com.ar\/sitio\/wp-json\/wp\/v2\/pages\/2476\/page\/2\/\"><\/div>\n\t\t\t\t<nav class=\"elementor-pagination\" aria-label=\"Pagination\">\n\t\t\t<span aria-current=\"page\" class=\"page-numbers current\"><span class=\"elementor-screen-only\">Page<\/span>1<\/span>\n<a class=\"page-numbers\" href=\"https:\/\/altaremera.com.ar\/sitio\/wp-json\/wp\/v2\/pages\/2476\/page\/2\/\"><span class=\"elementor-screen-only\">Page<\/span>2<\/a>\n<a class=\"page-numbers\" href=\"https:\/\/altaremera.com.ar\/sitio\/wp-json\/wp\/v2\/pages\/2476\/page\/3\/\"><span class=\"elementor-screen-only\">Page<\/span>3<\/a>\n<a class=\"page-numbers\" href=\"https:\/\/altaremera.com.ar\/sitio\/wp-json\/wp\/v2\/pages\/2476\/page\/4\/\"><span class=\"elementor-screen-only\">Page<\/span>4<\/a>\n<a class=\"page-numbers\" href=\"https:\/\/altaremera.com.ar\/sitio\/wp-json\/wp\/v2\/pages\/2476\/page\/5\/\"><span class=\"elementor-screen-only\">Page<\/span>5<\/a>\t\t<\/nav>\n\t\t\t\t\t\t<\/div>\n\t\t\t\t<\/div>\n\t\t\t\t\t<\/div>\n\t\t<\/div>\n\t\t\t\t\t<\/div>\n\t\t<\/section>\n\t\t\t\t<\/div>\n\t\t","protected":false},"excerpt":{"rendered":"","protected":false},"author":1,"featured_media":0,"parent":0,"menu_order":0,"comment_status":"closed","ping_status":"closed","template":"","meta":{"inline_featured_image":false,"footnotes":""},"class_list":["post-2476","page","type-page","status-publish","hentry"],"_links":{"self":[{"href":"https:\/\/altaremera.com.ar\/sitio\/wp-json\/wp\/v2\/pages\/2476","targetHints":{"allow":["GET"]}}],"collection":[{"href":"https:\/\/altaremera.com.ar\/sitio\/wp-json\/wp\/v2\/pages"}],"about":[{"href":"https:\/\/altaremera.com.ar\/sitio\/wp-json\/wp\/v2\/types\/page"}],"author":[{"embeddable":true,"href":"https:\/\/altaremera.com.ar\/sitio\/wp-json\/wp\/v2\/users\/1"}],"replies":[{"embeddable":true,"href":"https:\/\/altaremera.com.ar\/sitio\/wp-json\/wp\/v2\/comments?post=2476"}],"version-history":[{"count":10,"href":"https:\/\/altaremera.com.ar\/sitio\/wp-json\/wp\/v2\/pages\/2476\/revisions"}],"predecessor-version":[{"id":2495,"href":"https:\/\/altaremera.com.ar\/sitio\/wp-json\/wp\/v2\/pages\/2476\/revisions\/2495"}],"wp:attachment":[{"href":"https:\/\/altaremera.com.ar\/sitio\/wp-json\/wp\/v2\/media?parent=2476"}],"curies":[{"name":"wp","href":"https:\/\/api.w.org\/{rel}","templated":true}]}}