{"id":2189,"date":"2022-08-06T20:56:21","date_gmt":"2022-08-06T20:56:21","guid":{"rendered":"https:\/\/altaremera.com.ar\/sitio\/?page_id=2189"},"modified":"2025-11-26T17:47:36","modified_gmt":"2025-11-26T17:47:36","slug":"envios","status":"publish","type":"page","link":"https:\/\/altaremera.com.ar\/sitio\/envios\/","title":{"rendered":"Env\u00edos"},"content":{"rendered":"\t\t<div data-elementor-type=\"wp-page\" data-elementor-id=\"2189\" class=\"elementor elementor-2189\" data-elementor-post-type=\"page\">\n\t\t\t\t\t\t<section class=\"elementor-section elementor-top-section elementor-element elementor-element-18475aa elementor-section-boxed elementor-section-height-default elementor-section-height-default\" data-id=\"18475aa\" data-element_type=\"section\" data-e-type=\"section\">\n\t\t\t\t\t\t<div class=\"elementor-container elementor-column-gap-default\">\n\t\t\t\t\t<div class=\"elementor-column elementor-col-100 elementor-top-column elementor-element elementor-element-210095a\" data-id=\"210095a\" data-element_type=\"column\" data-e-type=\"column\">\n\t\t\t<div class=\"elementor-widget-wrap elementor-element-populated\">\n\t\t\t\t\t\t<div class=\"elementor-element elementor-element-7c0f610 elementor-widget elementor-widget-text-editor\" data-id=\"7c0f610\" data-element_type=\"widget\" data-e-type=\"widget\" data-widget_type=\"text-editor.default\">\n\t\t\t\t<div class=\"elementor-widget-container\">\n\t\t\t\t\t\t\t\t\t<p>Los envios son realizados por Correo Argentino,\u00a0 Servicio Track &amp; Trace &#8211; Correspondencia con origen nacional y destino nacional, <img decoding=\"async\" class=\"size-medium wp-image-2192 alignleft\" src=\"https:\/\/altaremera.com.ar\/sitio\/wp-content\/uploads\/2022\/08\/envio-1-300x161.png\" alt=\"\" width=\"300\" height=\"161\" srcset=\"https:\/\/altaremera.com.ar\/sitio\/wp-content\/uploads\/2022\/08\/envio-1-300x161.png 300w, https:\/\/altaremera.com.ar\/sitio\/wp-content\/uploads\/2022\/08\/envio-1-416x223.png 416w, https:\/\/altaremera.com.ar\/sitio\/wp-content\/uploads\/2022\/08\/envio-1-1024x550.png 1024w, https:\/\/altaremera.com.ar\/sitio\/wp-content\/uploads\/2022\/08\/envio-1-768x413.png 768w, https:\/\/altaremera.com.ar\/sitio\/wp-content\/uploads\/2022\/08\/envio-1-320x172.png 320w, https:\/\/altaremera.com.ar\/sitio\/wp-content\/uploads\/2022\/08\/envio-1-480x258.png 480w, https:\/\/altaremera.com.ar\/sitio\/wp-content\/uploads\/2022\/08\/envio-1-800x430.png 800w, https:\/\/altaremera.com.ar\/sitio\/wp-content\/uploads\/2022\/08\/envio-1.png 1145w\" sizes=\"(max-width: 300px) 100vw, 300px\" \/>luego de realizar el el env\u00edo te comunicamos por WhatsApp o Mail, el link y el codigo para que puedas realizar el seguimiento, podras ver los distintos movimientos que realiza el pedido hasta que te informa que se encuentra \u00aben poder del Cartero\u00bb, es cuando deb\u00e9s estar atento porque en cualquier momento llega al domicilio que hallas indicado.<\/p><p>En caso que desees realizar el envio a una direcci\u00f3n distinta a la que figura en tu registro, nuestro sistema contempla la posibilidad de especificar individualmente la direcci\u00f3n donde debe ser enviado, por ejemplo un regalo o la tu direcci\u00f3n laboral.<\/p><p>Los costos de envio son a nivel Nacional, por lo que no tenemos distintas tarifas para envios de larga distancia, puede ser a CABA, a Usuhaia o a Jujuy, Costar\u00e1 lo mismo.<\/p><p>Los tiempos de envio van entre 24 y 48 hs. por lo general. Nuestra experiencia nos muestra que en algunas localidades chicas suelen tardar un poco m\u00e1s, pero por ejemplo el Sur o el Norte del Pa\u00eds es de recibirlo r\u00e1pido porque viaja en avi\u00f3n.<\/p>\t\t\t\t\t\t\t\t<\/div>\n\t\t\t\t<\/div>\n\t\t\t\t\t<\/div>\n\t\t<\/div>\n\t\t\t\t\t<\/div>\n\t\t<\/section>\n\t\t\t\t<\/div>\n\t\t","protected":false},"excerpt":{"rendered":"<p>Los envios son realizados por Correo Argentino,&nbsp; Servicio Track &amp; Trace &#8211; Correspondencia con origen nacional y destino nacional, luego de realizar el el env\u00edo te comunicamos por WhatsApp o Mail, el link y el codigo para que puedas realizar el seguimiento, podras ver los distintos movimientos que realiza el pedido hasta que te informa [&hellip;]<\/p>\n","protected":false},"author":1,"featured_media":0,"parent":0,"menu_order":0,"comment_status":"closed","ping_status":"closed","template":"","meta":{"rs_blank_template":"","rs_page_bg_color":"","slide_template_v7":"","inline_featured_image":false,"footnotes":""},"class_list":["post-2189","page","type-page","status-publish","hentry"],"_links":{"self":[{"href":"https:\/\/altaremera.com.ar\/sitio\/wp-json\/wp\/v2\/pages\/2189","targetHints":{"allow":["GET"]}}],"collection":[{"href":"https:\/\/altaremera.com.ar\/sitio\/wp-json\/wp\/v2\/pages"}],"about":[{"href":"https:\/\/altaremera.com.ar\/sitio\/wp-json\/wp\/v2\/types\/page"}],"author":[{"embeddable":true,"href":"https:\/\/altaremera.com.ar\/sitio\/wp-json\/wp\/v2\/users\/1"}],"replies":[{"embeddable":true,"href":"https:\/\/altaremera.com.ar\/sitio\/wp-json\/wp\/v2\/comments?post=2189"}],"version-history":[{"count":14,"href":"https:\/\/altaremera.com.ar\/sitio\/wp-json\/wp\/v2\/pages\/2189\/revisions"}],"predecessor-version":[{"id":2267,"href":"https:\/\/altaremera.com.ar\/sitio\/wp-json\/wp\/v2\/pages\/2189\/revisions\/2267"}],"wp:attachment":[{"href":"https:\/\/altaremera.com.ar\/sitio\/wp-json\/wp\/v2\/media?parent=2189"}],"curies":[{"name":"wp","href":"https:\/\/api.w.org\/{rel}","templated":true}]}}