{"id":2177,"date":"2022-08-06T12:53:33","date_gmt":"2022-08-06T12:53:33","guid":{"rendered":"https:\/\/altaremera.com.ar\/sitio\/?page_id=2177"},"modified":"2025-11-26T17:48:58","modified_gmt":"2025-11-26T17:48:58","slug":"pagos","status":"publish","type":"page","link":"https:\/\/altaremera.com.ar\/sitio\/pagos\/","title":{"rendered":"Pagos"},"content":{"rendered":"\t\t<div data-elementor-type=\"wp-page\" data-elementor-id=\"2177\" class=\"elementor elementor-2177\" data-elementor-post-type=\"page\">\n\t\t\t\t\t\t<section class=\"elementor-section elementor-top-section elementor-element elementor-element-7b9013a elementor-section-boxed elementor-section-height-default elementor-section-height-default\" data-id=\"7b9013a\" data-element_type=\"section\" data-e-type=\"section\">\n\t\t\t\t\t\t<div class=\"elementor-container elementor-column-gap-default\">\n\t\t\t\t\t<div class=\"elementor-column elementor-col-100 elementor-top-column elementor-element elementor-element-1f5323a\" data-id=\"1f5323a\" data-element_type=\"column\" data-e-type=\"column\">\n\t\t\t<div class=\"elementor-widget-wrap elementor-element-populated\">\n\t\t\t\t\t\t<div class=\"elementor-element elementor-element-7deba96 elementor-widget elementor-widget-text-editor\" data-id=\"7deba96\" data-element_type=\"widget\" data-e-type=\"widget\" data-widget_type=\"text-editor.default\">\n\t\t\t\t<div class=\"elementor-widget-container\">\n\t\t\t\t\t\t\t\t\t<blockquote><h3>Todos los pagos son por anticipado e incluyen el Gasto de env\u00edo<\/h3><\/blockquote><p>Tenemos varias formas de pago las cuales impactar\u00e1n de forma distinta en los tiempos de entrada en producci\u00f3n y posterior env\u00edo.<\/p><h3>Tranferencia Bancaria:<\/h3><p>Cuando Realizas el pedido, el Sistema te envia nuestros Datos Bancarios, cuando realizas la transferencia, deb\u00e9s informarnos del pago, enviandonos una Captura o foto del comprobante, una vez acreditado ingresa en Producci\u00f3n y en 24\/48 hs realizamos el envio. Pedidos Grandes o Especiales se habran pautado los plazos oportunamente.<\/p><h3>Mercado pago<\/h3><p>Pgando con tarjetas guardadas en tu cuenta o Credito a favor, lo m\u00e1s importante de esta opci\u00f3n es que no necesitas ingresar ningun dato sensible en la plataforma, ya que esta todo ingresado tanto en tu registro con nosotros como en la herramienta de pago. El pago se acredita al instante por lo que tu pedido ingresa autom\u00e1ticamente en producci\u00f3n.<\/p><h3>Tarjeta de Credito o Debito<\/h3><p>Si quer\u00e9s utilizar una tarjeta que no esta en tu cuenta de Mercado Pago, ingresa los datos de la misma, Mercado Pago procesar\u00e1 los datos y si tido esta OK ingresar\u00e1 el pago el cual se acredita al instante por lo que tu pedido ingresa autom\u00e1ticamente en producci\u00f3n.<\/p><h3>Pago en efectivo<\/h3><p>Si elegis esta opci\u00f3n deb\u00e9s tener en cuenta que generar\u00e1s una factura con un c\u00f3digo de barras para abonar en Rapipago o Pagof\u00e1cil, y deberas acercarte a alguna terminal para poder ejecutar el pago, una vez realizado necesitamos que nos informes con una foto o scan del mismo.\u00a0 Tarda 48hs. en acreditarse, cuando este listo para ingresar a producci\u00f3n te lo comunicaremos.<\/p>\t\t\t\t\t\t\t\t<\/div>\n\t\t\t\t<\/div>\n\t\t\t\t\t<\/div>\n\t\t<\/div>\n\t\t\t\t\t<\/div>\n\t\t<\/section>\n\t\t\t\t<\/div>\n\t\t","protected":false},"excerpt":{"rendered":"<p>Todos los pagos son por anticipado e incluyen el Gasto de env\u00edo Tenemos varias formas de pago las cuales impactar\u00e1n de forma distinta en los tiempos de entrada en producci\u00f3n y posterior env\u00edo. Tranferencia Bancaria: Cuando Realizas el pedido, el Sistema te envia nuestros Datos Bancarios, cuando realizas la transferencia, deb\u00e9s informarnos del pago, enviandonos [&hellip;]<\/p>\n","protected":false},"author":1,"featured_media":0,"parent":0,"menu_order":0,"comment_status":"closed","ping_status":"closed","template":"","meta":{"rs_blank_template":"","rs_page_bg_color":"","slide_template_v7":"","inline_featured_image":false,"footnotes":""},"class_list":["post-2177","page","type-page","status-publish","hentry"],"_links":{"self":[{"href":"https:\/\/altaremera.com.ar\/sitio\/wp-json\/wp\/v2\/pages\/2177","targetHints":{"allow":["GET"]}}],"collection":[{"href":"https:\/\/altaremera.com.ar\/sitio\/wp-json\/wp\/v2\/pages"}],"about":[{"href":"https:\/\/altaremera.com.ar\/sitio\/wp-json\/wp\/v2\/types\/page"}],"author":[{"embeddable":true,"href":"https:\/\/altaremera.com.ar\/sitio\/wp-json\/wp\/v2\/users\/1"}],"replies":[{"embeddable":true,"href":"https:\/\/altaremera.com.ar\/sitio\/wp-json\/wp\/v2\/comments?post=2177"}],"version-history":[{"count":11,"href":"https:\/\/altaremera.com.ar\/sitio\/wp-json\/wp\/v2\/pages\/2177\/revisions"}],"predecessor-version":[{"id":2270,"href":"https:\/\/altaremera.com.ar\/sitio\/wp-json\/wp\/v2\/pages\/2177\/revisions\/2270"}],"wp:attachment":[{"href":"https:\/\/altaremera.com.ar\/sitio\/wp-json\/wp\/v2\/media?parent=2177"}],"curies":[{"name":"wp","href":"https:\/\/api.w.org\/{rel}","templated":true}]}}