{"id":198,"date":"2016-02-08T21:36:54","date_gmt":"2016-02-08T21:36:54","guid":{"rendered":"http:\/\/altaremera.com.ar\/sitio\/?page_id=198"},"modified":"2025-11-26T17:49:26","modified_gmt":"2025-11-26T17:49:26","slug":"materiales-de-corte","status":"publish","type":"page","link":"https:\/\/altaremera.com.ar\/sitio\/sobre-nosotros\/materiales-de-corte\/","title":{"rendered":"Materiales de corte"},"content":{"rendered":"<div class=\"wp-block-image\">\n<figure class=\"alignright\"><img fetchpriority=\"high\" decoding=\"async\" width=\"290\" height=\"251\" src=\"\/\/www.altaremera.com.ar\/sitio\/wp-content\/uploads\/2016\/02\/vinilo-termotransferible.jpg\" alt=\"vinilo-termotransferible\" class=\"wp-image-200\"\/><\/figure>\n<\/div>\n\n\n<p><strong>Estampado con Vinilo<\/strong><br>Esta t\u00e9cnica se realiza utilizando un tipo de vinilo especial que es termotransferible. El vinilo viene en rollos de 50cm de ancho y en variedad de colores. &nbsp;Al vinilo termotransferible tradicional se lo suele llamar Flex, y tambi\u00e9n existen vinilos termotransferibles especiales, como el Flock que tiene una terminaci\u00f3n s\u00edmil felpa con relieve agradable al tacto, el Glitter que luce similar a la brillantina, los colores Fl\u00fao y tambi\u00e9n los reflectivos, ideales para indumentaria de uso nocturno; ropa de trabajo, deportistas o para alg\u00fan detalle llamativo para no pasar desapercibido.<\/p>\n\n\n\n<p>El vinilo se corta (o troquela) utilizando un Plotter de Corte, que con una diminuta cuchilla (similar a un bistur\u00ed) realiza el corte del dise\u00f1o sobre cada color de vinilo.<\/p>\n\n\n\n<p>Es por ello que los dise\u00f1os deben realizarse teniendo en cuenta los colores que se van a utilizar. A diferencia de una impresora que cuenta con infinidad de colores y posibilidad de degrades, esta t\u00e9cnica depende de los colores de los vinilos que son plenos y limitados.<\/p>\n\n\n\n<p>Una vez cortado el vinilo, se separa la parte que se va a descartar y se estampa el dise\u00f1o sobre la tela. Esta operaci\u00f3n se realiza con una plancha industrial, que aplica simult\u00e1neamente una elevada temperatura sobre todo el \u00e1rea de la estampa. Si el dise\u00f1o contiene m\u00e1s de un color, el estampado se deber\u00e1 realizar una vez por cada color, vinilo sobre vinilo. Para un resultado \u00f3ptimo, se debe evitar superponer m\u00e1s de 3 colores o vinilos, ya que en este caso se obtendr\u00eda una estampa muy gruesa y quedar\u00eda poco elegante sobre la tela.<\/p>\n\n\n\n<blockquote class=\"wp-block-quote is-layout-flow wp-block-quote-is-layout-flow\"><p>Lo bueno es que de todo esto nos encargamos nosotros. Vos s\u00f3lo ten\u00e9s que enviarnos el archivo con el dise\u00f1o y nosotros hacemos \u201cla parte pesada\u201d.<\/p><\/blockquote>\n\n\n<p>[themoneytizer id=28426-1]<\/p>\n\n\n\n<p><strong>Paleta de colores<\/strong><br>Los colores disponibles para utilizar en el dise\u00f1o est\u00e1n limitados a la variedad de vinilos termotransferibles disponibles en el mercado. Los fabricantes de vinilo ofrecen una gama de colores rica pero acotada, y siendo que los vinilos no son trasl\u00facidos, no existe la posibilidad de combinarlos para lograr nuevos colores.<\/p>\n\n\n\n<p>La lista de colores depende del tipo de vinilo (Flex, Flock, Glitter, etc), del fabricante y de las restricciones a las importaciones, por lo que la lista de colores no es siempre fija ni predecible. Por lo general, los colores b\u00e1sicos (blanco, negro, amarillo, rojo, verde, azul) est\u00e1n siempre disponibles y en condiciones ideales se puede esperar encontrar los colores del siguiente cat\u00e1logo.<\/p>\n\n\n\n<figure class=\"wp-block-image\"><img decoding=\"async\" width=\"585\" height=\"574\" src=\"\/\/www.altaremera.com.ar\/sitio\/wp-content\/uploads\/2016\/02\/Vinilos-Termotransferibles-Colores.png\" alt=\"Vinilos-Termotransferibles-Colores\" class=\"wp-image-206\" srcset=\"https:\/\/altaremera.com.ar\/sitio\/wp-content\/uploads\/2016\/02\/Vinilos-Termotransferibles-Colores.png 585w, https:\/\/altaremera.com.ar\/sitio\/wp-content\/uploads\/2016\/02\/Vinilos-Termotransferibles-Colores-416x408.png 416w, https:\/\/altaremera.com.ar\/sitio\/wp-content\/uploads\/2016\/02\/Vinilos-Termotransferibles-Colores-300x294.png 300w, https:\/\/altaremera.com.ar\/sitio\/wp-content\/uploads\/2016\/02\/Vinilos-Termotransferibles-Colores-50x50.png 50w\" sizes=\"(max-width: 585px) 100vw, 585px\" \/><\/figure>\n","protected":false},"excerpt":{"rendered":"<p>Estampado con ViniloEsta t\u00e9cnica se realiza utilizando un tipo de vinilo especial que es termotransferible. El vinilo viene en rollos de 50cm de ancho y en variedad de colores. &nbsp;Al vinilo termotransferible tradicional se lo suele llamar Flex, y tambi\u00e9n existen vinilos termotransferibles especiales, como el Flock que tiene una terminaci\u00f3n s\u00edmil felpa con relieve [&hellip;]<\/p>\n","protected":false},"author":1,"featured_media":0,"parent":152,"menu_order":0,"comment_status":"closed","ping_status":"closed","template":"","meta":{"rs_blank_template":"","rs_page_bg_color":"","slide_template_v7":"","inline_featured_image":false,"footnotes":""},"class_list":["post-198","page","type-page","status-publish","hentry"],"_links":{"self":[{"href":"https:\/\/altaremera.com.ar\/sitio\/wp-json\/wp\/v2\/pages\/198","targetHints":{"allow":["GET"]}}],"collection":[{"href":"https:\/\/altaremera.com.ar\/sitio\/wp-json\/wp\/v2\/pages"}],"about":[{"href":"https:\/\/altaremera.com.ar\/sitio\/wp-json\/wp\/v2\/types\/page"}],"author":[{"embeddable":true,"href":"https:\/\/altaremera.com.ar\/sitio\/wp-json\/wp\/v2\/users\/1"}],"replies":[{"embeddable":true,"href":"https:\/\/altaremera.com.ar\/sitio\/wp-json\/wp\/v2\/comments?post=198"}],"version-history":[{"count":20,"href":"https:\/\/altaremera.com.ar\/sitio\/wp-json\/wp\/v2\/pages\/198\/revisions"}],"predecessor-version":[{"id":2271,"href":"https:\/\/altaremera.com.ar\/sitio\/wp-json\/wp\/v2\/pages\/198\/revisions\/2271"}],"up":[{"embeddable":true,"href":"https:\/\/altaremera.com.ar\/sitio\/wp-json\/wp\/v2\/pages\/152"}],"wp:attachment":[{"href":"https:\/\/altaremera.com.ar\/sitio\/wp-json\/wp\/v2\/media?parent=198"}],"curies":[{"name":"wp","href":"https:\/\/api.w.org\/{rel}","templated":true}]}}