{"id":182,"date":"2016-02-08T21:24:33","date_gmt":"2016-02-08T21:24:33","guid":{"rendered":"http:\/\/altaremera.com.ar\/sitio\/?page_id=182"},"modified":"2025-11-26T17:49:26","modified_gmt":"2025-11-26T17:49:26","slug":"tips-de-diseno","status":"publish","type":"page","link":"https:\/\/altaremera.com.ar\/sitio\/sobre-nosotros\/tips-de-diseno\/","title":{"rendered":"Tip&#8217;s de Dise\u00f1o"},"content":{"rendered":"<h3><strong>El Dise\u00f1o<\/strong><\/h3>\n<p>Utilizando el Adobe Illustrator, se debe generar un documento que contenga el dise\u00f1o de cada color en una capa (Layer) independiente, ya que el proceso de corte del vinilo se realiza separadamente por cada color.<\/p>\n<p>Con la herramienta <em>Pen (Pluma) <\/em>y <em>selection<\/em>, se debe dibujar en cada capa el dise\u00f1o teniendo en cuenta que el corte se va a realizar por el contorno del mismo. Recordar que el vinilo se va a adherir sobre tela y que esta est\u00e1 compuesta por una trama de finos\u00a0hilos de algod\u00f3n. Si el dise\u00f1o presentase zonas demasiado delgadas, estas quedar\u00edan tomadas de muy pocos hilos y por lo tanto podr\u00edan no quedar suficientemente bien adheridas. Entonces, se deben evitar zonas de menos de 3mm o elementos sueltos (como puntos) de menos de 10mm.<\/p>\n<p><img fetchpriority=\"high\" decoding=\"async\" class=\"alignnone size-full wp-image-184\" src=\"http:\/\/altaremera.com.ar\/sitio\/wp-content\/uploads\/2016\/02\/Adobe-Illustrator-Selection-and-Pen-Tools.png\" alt=\"Adobe-Illustrator-Selection-and-Pen-Tools\" width=\"620\" height=\"263\" srcset=\"https:\/\/altaremera.com.ar\/sitio\/wp-content\/uploads\/2016\/02\/Adobe-Illustrator-Selection-and-Pen-Tools.png 620w, https:\/\/altaremera.com.ar\/sitio\/wp-content\/uploads\/2016\/02\/Adobe-Illustrator-Selection-and-Pen-Tools-416x176.png 416w, https:\/\/altaremera.com.ar\/sitio\/wp-content\/uploads\/2016\/02\/Adobe-Illustrator-Selection-and-Pen-Tools-300x127.png 300w\" sizes=\"(max-width: 620px) 100vw, 620px\" \/>\u00a0<img decoding=\"async\" class=\"alignnone size-full wp-image-186\" src=\"\/\/www.altaremera.com.ar\/sitio\/wp-content\/uploads\/2016\/02\/Adobe-Illustrator-Capas.png\" alt=\"Adobe-Illustrator-Capas\" width=\"238\" height=\"263\" \/><\/p>\n<p><strong>Algunos ejemplos<\/strong><br \/>\nA continuaci\u00f3n se ven algunos ejemplos de lo que se recomienda como buena pr\u00e1ctica en contraposici\u00f3n de lo que se debe evitar para asegurar la efectiva adherencia del vinilo sobre la tela.<\/p>\n<p><img decoding=\"async\" class=\"alignnone wp-image-189\" src=\"\/\/www.altaremera.com.ar\/sitio\/wp-content\/uploads\/2016\/02\/Guia-Diseno-Ejemplo-SI.png\" alt=\"Guia-Diseno-Ejemplo-SI\" width=\"255\" height=\"362\" srcset=\"https:\/\/altaremera.com.ar\/sitio\/wp-content\/uploads\/2016\/02\/Guia-Diseno-Ejemplo-SI.png 380w, https:\/\/altaremera.com.ar\/sitio\/wp-content\/uploads\/2016\/02\/Guia-Diseno-Ejemplo-SI-211x300.png 211w\" sizes=\"(max-width: 255px) 100vw, 255px\" \/>\u00a0<img loading=\"lazy\" decoding=\"async\" class=\"alignnone wp-image-192\" src=\"\/\/www.altaremera.com.ar\/sitio\/wp-content\/uploads\/2016\/02\/Guia-Diseno-Ejemplo-NO.png\" alt=\"Guia-Diseno-Ejemplo-NO\" width=\"255\" height=\"362\" srcset=\"https:\/\/altaremera.com.ar\/sitio\/wp-content\/uploads\/2016\/02\/Guia-Diseno-Ejemplo-NO.png 380w, https:\/\/altaremera.com.ar\/sitio\/wp-content\/uploads\/2016\/02\/Guia-Diseno-Ejemplo-NO-211x300.png 211w\" sizes=\"(max-width: 255px) 100vw, 255px\" \/><\/p>\n<p><strong>Im\u00e1genes Raster o Bitmap<\/strong><br \/>\nLas im\u00e1genes de tipo Raster o mapa de bits (archivos que generalmente tienen la extensi\u00f3n jpg, jpeg, gif, bmp, png, etc.) no se pueden utilizar directamente con esta t\u00e9cnica, sino que previamente se los debe convertir a un formato vectorizado, acotando los colores y texturas. Esta operaci\u00f3n se puede realizar con el Adobe Illustrator utilizando la herramienta de vectorizar (<em>Live Trace -&gt;One Color Logo<\/em>). Para utilizar esta herramienta, primero se debe generar un documento nuevo y luego agregar la imagen al mismo. Al seleccionar la imagen aparece en la barra de herramientas superior la opci\u00f3n de <em>Live Trace<\/em>. Depende el tipo de imagen, puede ser que la vectorizaci\u00f3n quede perfecta y no sea necesario realizar ajustes posteriores, y en otros casos el resultado no ser\u00e1 tan bueno y habr\u00e1 que corregir el dise\u00f1o manualmente utilizando la herramienta de P<em>en (Pluma) y selection<\/em>. En cualquier caso, si la imagen presenta distintos colores, se deber\u00e1 simplificar el dise\u00f1o hasta alcanzar el m\u00e1ximo de 3 colores plenos, y se deber\u00e1 separar cada color en una capa independiente.<\/p>\n<p><img loading=\"lazy\" decoding=\"async\" class=\"alignnone size-full wp-image-195\" src=\"\/\/www.altaremera.com.ar\/sitio\/wp-content\/uploads\/2016\/02\/Adobe-Illustrator-Vectorizar.png\" alt=\"Adobe-Illustrator-Vectorizar\" width=\"508\" height=\"441\" srcset=\"https:\/\/altaremera.com.ar\/sitio\/wp-content\/uploads\/2016\/02\/Adobe-Illustrator-Vectorizar.png 508w, https:\/\/altaremera.com.ar\/sitio\/wp-content\/uploads\/2016\/02\/Adobe-Illustrator-Vectorizar-416x361.png 416w, https:\/\/altaremera.com.ar\/sitio\/wp-content\/uploads\/2016\/02\/Adobe-Illustrator-Vectorizar-300x260.png 300w\" sizes=\"(max-width: 508px) 100vw, 508px\" \/><\/p>\n","protected":false},"excerpt":{"rendered":"<p>El Dise\u00f1o Utilizando el Adobe Illustrator, se debe generar un documento que contenga el dise\u00f1o de cada color en una capa (Layer) independiente, ya que el proceso de corte del vinilo se realiza separadamente por cada color. Con la herramienta Pen (Pluma) y selection, se debe dibujar en cada capa el dise\u00f1o teniendo en cuenta [&hellip;]<\/p>\n","protected":false},"author":1,"featured_media":0,"parent":152,"menu_order":0,"comment_status":"closed","ping_status":"closed","template":"","meta":{"rs_blank_template":"","rs_page_bg_color":"","slide_template_v7":"","inline_featured_image":false,"footnotes":""},"class_list":["post-182","page","type-page","status-publish","hentry"],"_links":{"self":[{"href":"https:\/\/altaremera.com.ar\/sitio\/wp-json\/wp\/v2\/pages\/182","targetHints":{"allow":["GET"]}}],"collection":[{"href":"https:\/\/altaremera.com.ar\/sitio\/wp-json\/wp\/v2\/pages"}],"about":[{"href":"https:\/\/altaremera.com.ar\/sitio\/wp-json\/wp\/v2\/types\/page"}],"author":[{"embeddable":true,"href":"https:\/\/altaremera.com.ar\/sitio\/wp-json\/wp\/v2\/users\/1"}],"replies":[{"embeddable":true,"href":"https:\/\/altaremera.com.ar\/sitio\/wp-json\/wp\/v2\/comments?post=182"}],"version-history":[{"count":14,"href":"https:\/\/altaremera.com.ar\/sitio\/wp-json\/wp\/v2\/pages\/182\/revisions"}],"predecessor-version":[{"id":2272,"href":"https:\/\/altaremera.com.ar\/sitio\/wp-json\/wp\/v2\/pages\/182\/revisions\/2272"}],"up":[{"embeddable":true,"href":"https:\/\/altaremera.com.ar\/sitio\/wp-json\/wp\/v2\/pages\/152"}],"wp:attachment":[{"href":"https:\/\/altaremera.com.ar\/sitio\/wp-json\/wp\/v2\/media?parent=182"}],"curies":[{"name":"wp","href":"https:\/\/api.w.org\/{rel}","templated":true}]}}